{"id":29,"date":"2023-05-11T21:38:55","date_gmt":"2023-05-11T19:38:55","guid":{"rendered":"https:\/\/wyzej.com.pl\/?page_id=29"},"modified":"2025-03-17T15:05:02","modified_gmt":"2025-03-17T14:05:02","slug":"naprawy-dziur-po-ptakachtynkowanie","status":"publish","type":"page","link":"https:\/\/wyzej.com.pl\/index.php\/oferta\/naprawy-dziur-po-ptakachtynkowanie\/","title":{"rendered":"NAPRAWY DZIUR PO PTAKACH,TYNKOWANIE"},"content":{"rendered":"\t\t<div data-elementor-type=\"wp-page\" data-elementor-id=\"29\" class=\"elementor elementor-29\" data-elementor-post-type=\"page\">\n\t\t\t\t\t\t<section class=\"elementor-section elementor-top-section elementor-element elementor-element-eb8f41d elementor-section-content-middle elementor-section-boxed elementor-section-height-default elementor-section-height-default\" data-id=\"eb8f41d\" data-element_type=\"section\" data-settings=\"{&quot;background_background&quot;:&quot;classic&quot;}\">\n\t\t\t\t\t\t<div class=\"elementor-container elementor-column-gap-default\">\n\t\t\t\t\t<div class=\"elementor-column elementor-col-66 elementor-top-column elementor-element elementor-element-592c5ff0\" data-id=\"592c5ff0\" data-element_type=\"column\">\n\t\t\t<div class=\"elementor-widget-wrap elementor-element-populated\">\n\t\t\t\t\t\t<div class=\"elementor-element elementor-element-37e150ae elementor-widget elementor-widget-heading\" data-id=\"37e150ae\" data-element_type=\"widget\" data-widget_type=\"heading.default\">\n\t\t\t\t<div class=\"elementor-widget-container\">\n\t\t\t\t\t<h2 class=\"elementor-heading-title elementor-size-default\">Naprawy dziur w elewacji tynkowej<\/h2>\t\t\t\t<\/div>\n\t\t\t\t<\/div>\n\t\t\t\t\t<\/div>\n\t\t<\/div>\n\t\t\t\t<div class=\"elementor-column elementor-col-33 elementor-top-column elementor-element elementor-element-5d081966\" data-id=\"5d081966\" data-element_type=\"column\">\n\t\t\t<div class=\"elementor-widget-wrap elementor-element-populated\">\n\t\t\t\t\t\t<div class=\"elementor-element elementor-element-3b74edbe elementor-widget elementor-widget-image\" data-id=\"3b74edbe\" data-element_type=\"widget\" data-widget_type=\"image.default\">\n\t\t\t\t<div class=\"elementor-widget-container\">\n\t\t\t\t\t\t\t\t\t\t\t\t\t\t\t<img decoding=\"async\" width=\"180\" height=\"119\" src=\"https:\/\/wyzej.com.pl\/wp-content\/uploads\/2023\/05\/g1813.png\" class=\"attachment-large size-large wp-image-175\" alt=\"\" \/>\t\t\t\t\t\t\t\t\t\t\t\t\t\t\t<\/div>\n\t\t\t\t<\/div>\n\t\t\t\t\t<\/div>\n\t\t<\/div>\n\t\t\t\t\t<\/div>\n\t\t<\/section>\n\t\t\t\t<section class=\"elementor-section elementor-top-section elementor-element elementor-element-2e6c660b elementor-section-boxed elementor-section-height-default elementor-section-height-default\" data-id=\"2e6c660b\" data-element_type=\"section\">\n\t\t\t\t\t\t<div class=\"elementor-container elementor-column-gap-default\">\n\t\t\t\t\t<div class=\"elementor-column elementor-col-100 elementor-top-column elementor-element elementor-element-1818499e\" data-id=\"1818499e\" data-element_type=\"column\">\n\t\t\t<div class=\"elementor-widget-wrap elementor-element-populated\">\n\t\t\t\t\t\t<div class=\"elementor-element elementor-element-2329bcf4 elementor-widget elementor-widget-heading\" data-id=\"2329bcf4\" data-element_type=\"widget\" data-widget_type=\"heading.default\">\n\t\t\t\t<div class=\"elementor-widget-container\">\n\t\t\t\t\t<h2 class=\"elementor-heading-title elementor-size-default\">Coraz cz\u0119\u015bciej spotykamy si\u0119 z p\u0119kni\u0119ciami\nelewacji tynkowej oraz dziurami wykutymi przez\nptaki szukaj\u0105ce schronienia.<\/h2>\t\t\t\t<\/div>\n\t\t\t\t<\/div>\n\t\t\t\t<div class=\"elementor-element elementor-element-66701ce elementor-widget elementor-widget-text-editor\" data-id=\"66701ce\" data-element_type=\"widget\" data-widget_type=\"text-editor.default\">\n\t\t\t\t<div class=\"elementor-widget-container\">\n\t\t\t\t\t\t\t\t\tTakie uszkodzenia\nnale\u017cy jak najszybciej zabezpieczy\u0107 przed\nnegatywnymi skutkami dzia\u0142a\u0144 warunk\u00f3w\natmosferycznych.\t\t\t\t\t\t\t\t<\/div>\n\t\t\t\t<\/div>\n\t\t\t\t\t<\/div>\n\t\t<\/div>\n\t\t\t\t\t<\/div>\n\t\t<\/section>\n\t\t\t\t<section class=\"elementor-section elementor-top-section elementor-element elementor-element-7fbb371d elementor-section-boxed elementor-section-height-default elementor-section-height-default\" data-id=\"7fbb371d\" data-element_type=\"section\" data-settings=\"{&quot;background_background&quot;:&quot;classic&quot;}\">\n\t\t\t\t\t\t\t<div class=\"elementor-background-overlay\"><\/div>\n\t\t\t\t\t\t\t<div class=\"elementor-container elementor-column-gap-default\">\n\t\t\t\t\t<div class=\"elementor-column elementor-col-50 elementor-top-column elementor-element elementor-element-52666c5d\" data-id=\"52666c5d\" data-element_type=\"column\" data-settings=\"{&quot;background_background&quot;:&quot;classic&quot;}\">\n\t\t\t<div class=\"elementor-widget-wrap elementor-element-populated\">\n\t\t\t\t\t\t<div class=\"elementor-element elementor-element-6968b9eb elementor-widget elementor-widget-heading\" data-id=\"6968b9eb\" data-element_type=\"widget\" data-widget_type=\"heading.default\">\n\t\t\t\t<div class=\"elementor-widget-container\">\n\t\t\t\t\t<h2 class=\"elementor-heading-title elementor-size-default\">Oferujemy:\n<\/h2>\t\t\t\t<\/div>\n\t\t\t\t<\/div>\n\t\t\t\t<div class=\"elementor-element elementor-element-7a7fc856 elementor-widget elementor-widget-text-editor\" data-id=\"7a7fc856\" data-element_type=\"widget\" data-widget_type=\"text-editor.default\">\n\t\t\t\t<div class=\"elementor-widget-container\">\n\t\t\t\t\t\t\t\t\t<ul><li>klejenie i za\u015blepianie p\u0119kni\u0119\u0107 i szczelin w elewacji tynkowej<\/li><li>uzupe\u0142nianie ociepliny i za\u015blepianie dziur po ptakach w elewacji tynkowek<\/li><li>zbijanie, usuwanie lu\u017anych tynk\u00f3w i element\u00f3w elewacji<\/li><li>Technika wykonania napraw, zakres prac oraz wykorzystane materia\u0142y s\u0105 ka\u017cdorazowo ustalane ze zleceniodawc\u0105<\/li><\/ul>\t\t\t\t\t\t\t\t<\/div>\n\t\t\t\t<\/div>\n\t\t\t\t\t<\/div>\n\t\t<\/div>\n\t\t\t\t<div class=\"elementor-column elementor-col-50 elementor-top-column elementor-element elementor-element-2a43bee0\" data-id=\"2a43bee0\" data-element_type=\"column\">\n\t\t\t<div class=\"elementor-widget-wrap elementor-element-populated\">\n\t\t\t\t\t\t<div class=\"elementor-element elementor-element-68838c3d elementor-widget elementor-widget-image\" data-id=\"68838c3d\" data-element_type=\"widget\" data-widget_type=\"image.default\">\n\t\t\t\t<div class=\"elementor-widget-container\">\n\t\t\t\t\t\t\t\t\t\t\t\t\t\t\t<img fetchpriority=\"high\" decoding=\"async\" width=\"755\" height=\"1024\" src=\"https:\/\/wyzej.com.pl\/wp-content\/uploads\/2023\/12\/painters-paint-the-house-2023-11-27-05-22-23-utc-755x1024.jpg\" class=\"attachment-large size-large wp-image-270\" alt=\"\" srcset=\"https:\/\/wyzej.com.pl\/wp-content\/uploads\/2023\/12\/painters-paint-the-house-2023-11-27-05-22-23-utc-755x1024.jpg 755w, https:\/\/wyzej.com.pl\/wp-content\/uploads\/2023\/12\/painters-paint-the-house-2023-11-27-05-22-23-utc-221x300.jpg 221w, https:\/\/wyzej.com.pl\/wp-content\/uploads\/2023\/12\/painters-paint-the-house-2023-11-27-05-22-23-utc-768x1041.jpg 768w, https:\/\/wyzej.com.pl\/wp-content\/uploads\/2023\/12\/painters-paint-the-house-2023-11-27-05-22-23-utc-1133x1536.jpg 1133w, https:\/\/wyzej.com.pl\/wp-content\/uploads\/2023\/12\/painters-paint-the-house-2023-11-27-05-22-23-utc-1511x2048.jpg 1511w, https:\/\/wyzej.com.pl\/wp-content\/uploads\/2023\/12\/painters-paint-the-house-2023-11-27-05-22-23-utc-scaled.jpg 1889w\" sizes=\"(max-width: 755px) 100vw, 755px\" \/>\t\t\t\t\t\t\t\t\t\t\t\t\t\t\t<\/div>\n\t\t\t\t<\/div>\n\t\t\t\t\t<\/div>\n\t\t<\/div>\n\t\t\t\t\t<\/div>\n\t\t<\/section>\n\t\t\t\t<\/div>\n\t\t","protected":false},"excerpt":{"rendered":"<p>Naprawy dziur w elewacji tynkowej Coraz cz\u0119\u015bciej spotykamy si\u0119 z p\u0119kni\u0119ciami elewacji tynkowej oraz dziurami wykutymi przez ptaki szukaj\u0105ce schronienia. Takie uszkodzenia nale\u017cy jak najszybciej zabezpieczy\u0107 przed negatywnymi skutkami dzia\u0142a\u0144 warunk\u00f3w atmosferycznych. Oferujemy: klejenie i za\u015blepianie p\u0119kni\u0119\u0107 i szczelin w elewacji tynkowej uzupe\u0142nianie ociepliny i za\u015blepianie dziur po ptakach w elewacji tynkowek zbijanie, usuwanie lu\u017anych [&hellip;]<\/p>\n","protected":false},"author":1,"featured_media":0,"parent":16,"menu_order":0,"comment_status":"closed","ping_status":"closed","template":"elementor_header_footer","meta":{"footnotes":""},"class_list":["post-29","page","type-page","status-publish","hentry"],"yoast_head":"<!-- This site is optimized with the Yoast SEO plugin v24.4 - https:\/\/yoast.com\/wordpress\/plugins\/seo\/ -->\n<title>Naprawa Dziur po Ptaka\u0441h, Tynkowanie Renowacja Elewacji - Wy\u017cej<\/title>\n<meta name=\"description\" content=\"Oferujemy profesjonalne naprawy dziur po ptakach i tynkowanie elewacji. Usuwamy uszkodzenia, zabezpieczamy powierzchnie i przywracamy estetyczny wygl\u0105d budynku. Skontaktuj si\u0119 z nami i zam\u00f3w us\u0142ug\u0119 ju\u017c dzi\u015b!\" \/>\n<meta name=\"robots\" content=\"index, follow, max-snippet:-1, max-image-preview:large, max-video-preview:-1\" \/>\n<link rel=\"canonical\" href=\"https:\/\/wyzej.com.pl\/index.php\/oferta\/naprawy-dziur-po-ptakachtynkowanie\/\" \/>\n<meta property=\"og:locale\" content=\"pl_PL\" \/>\n<meta property=\"og:type\" content=\"article\" \/>\n<meta property=\"og:title\" content=\"Naprawa Dziur po Ptaka\u0441h, Tynkowanie Renowacja Elewacji - Wy\u017cej\" \/>\n<meta property=\"og:description\" content=\"Oferujemy profesjonalne naprawy dziur po ptakach i tynkowanie elewacji. Usuwamy uszkodzenia, zabezpieczamy powierzchnie i przywracamy estetyczny wygl\u0105d budynku. Skontaktuj si\u0119 z nami i zam\u00f3w us\u0142ug\u0119 ju\u017c dzi\u015b!\" \/>\n<meta property=\"og:url\" content=\"https:\/\/wyzej.com.pl\/index.php\/oferta\/naprawy-dziur-po-ptakachtynkowanie\/\" \/>\n<meta property=\"og:site_name\" content=\"Wy\u017cej\" \/>\n<meta property=\"article:modified_time\" content=\"2025-03-17T14:05:02+00:00\" \/>\n<meta property=\"og:image\" content=\"https:\/\/wyzej.com.pl\/wp-content\/uploads\/2023\/05\/g1813.png\" \/>\n<meta name=\"twitter:card\" content=\"summary_large_image\" \/>\n<meta name=\"twitter:label1\" content=\"Szacowany czas czytania\" \/>\n\t<meta name=\"twitter:data1\" content=\"1 minuta\" \/>\n<script type=\"application\/ld+json\" class=\"yoast-schema-graph\">{\"@context\":\"https:\/\/schema.org\",\"@graph\":[{\"@type\":\"WebPage\",\"@id\":\"https:\/\/wyzej.com.pl\/index.php\/oferta\/naprawy-dziur-po-ptakachtynkowanie\/\",\"url\":\"https:\/\/wyzej.com.pl\/index.php\/oferta\/naprawy-dziur-po-ptakachtynkowanie\/\",\"name\":\"Naprawa Dziur po Ptaka\u0441h, Tynkowanie Renowacja Elewacji - Wy\u017cej\",\"isPartOf\":{\"@id\":\"https:\/\/wyzej.com.pl\/#website\"},\"primaryImageOfPage\":{\"@id\":\"https:\/\/wyzej.com.pl\/index.php\/oferta\/naprawy-dziur-po-ptakachtynkowanie\/#primaryimage\"},\"image\":{\"@id\":\"https:\/\/wyzej.com.pl\/index.php\/oferta\/naprawy-dziur-po-ptakachtynkowanie\/#primaryimage\"},\"thumbnailUrl\":\"https:\/\/wyzej.com.pl\/wp-content\/uploads\/2023\/05\/g1813.png\",\"datePublished\":\"2023-05-11T19:38:55+00:00\",\"dateModified\":\"2025-03-17T14:05:02+00:00\",\"description\":\"Oferujemy profesjonalne naprawy dziur po ptakach i tynkowanie elewacji. Usuwamy uszkodzenia, zabezpieczamy powierzchnie i przywracamy estetyczny wygl\u0105d budynku. Skontaktuj si\u0119 z nami i zam\u00f3w us\u0142ug\u0119 ju\u017c dzi\u015b!\",\"breadcrumb\":{\"@id\":\"https:\/\/wyzej.com.pl\/index.php\/oferta\/naprawy-dziur-po-ptakachtynkowanie\/#breadcrumb\"},\"inLanguage\":\"pl-PL\",\"potentialAction\":[{\"@type\":\"ReadAction\",\"target\":[\"https:\/\/wyzej.com.pl\/index.php\/oferta\/naprawy-dziur-po-ptakachtynkowanie\/\"]}]},{\"@type\":\"ImageObject\",\"inLanguage\":\"pl-PL\",\"@id\":\"https:\/\/wyzej.com.pl\/index.php\/oferta\/naprawy-dziur-po-ptakachtynkowanie\/#primaryimage\",\"url\":\"https:\/\/wyzej.com.pl\/wp-content\/uploads\/2023\/05\/g1813.png\",\"contentUrl\":\"https:\/\/wyzej.com.pl\/wp-content\/uploads\/2023\/05\/g1813.png\",\"width\":180,\"height\":119},{\"@type\":\"BreadcrumbList\",\"@id\":\"https:\/\/wyzej.com.pl\/index.php\/oferta\/naprawy-dziur-po-ptakachtynkowanie\/#breadcrumb\",\"itemListElement\":[{\"@type\":\"ListItem\",\"position\":1,\"name\":\"Strona g\u0142\u00f3wna\",\"item\":\"https:\/\/wyzej.com.pl\/\"},{\"@type\":\"ListItem\",\"position\":2,\"name\":\"Oferta\",\"item\":\"https:\/\/wyzej.com.pl\/\"},{\"@type\":\"ListItem\",\"position\":3,\"name\":\"NAPRAWY DZIUR PO PTAKACH,TYNKOWANIE\"}]},{\"@type\":\"WebSite\",\"@id\":\"https:\/\/wyzej.com.pl\/#website\",\"url\":\"https:\/\/wyzej.com.pl\/\",\"name\":\"Wy\u017cej - Us\u0142ugi wysoko\u015bciowe\",\"description\":\"\",\"publisher\":{\"@id\":\"https:\/\/wyzej.com.pl\/#organization\"},\"potentialAction\":[{\"@type\":\"SearchAction\",\"target\":{\"@type\":\"EntryPoint\",\"urlTemplate\":\"https:\/\/wyzej.com.pl\/?s={search_term_string}\"},\"query-input\":{\"@type\":\"PropertyValueSpecification\",\"valueRequired\":true,\"valueName\":\"search_term_string\"}}],\"inLanguage\":\"pl-PL\"},{\"@type\":\"Organization\",\"@id\":\"https:\/\/wyzej.com.pl\/#organization\",\"name\":\"Wy\u017cej - Us\u0142ugi wysoko\u015bciowe\",\"url\":\"https:\/\/wyzej.com.pl\/\",\"logo\":{\"@type\":\"ImageObject\",\"inLanguage\":\"pl-PL\",\"@id\":\"https:\/\/wyzej.com.pl\/#\/schema\/logo\/image\/\",\"url\":\"https:\/\/wyzej.com.pl\/wp-content\/uploads\/2023\/05\/path133.png\",\"contentUrl\":\"https:\/\/wyzej.com.pl\/wp-content\/uploads\/2023\/05\/path133.png\",\"width\":870,\"height\":773,\"caption\":\"Wy\u017cej - Us\u0142ugi wysoko\u015bciowe\"},\"image\":{\"@id\":\"https:\/\/wyzej.com.pl\/#\/schema\/logo\/image\/\"}}]}<\/script>\n<!-- \/ Yoast SEO plugin. -->","yoast_head_json":{"title":"Naprawa Dziur po Ptaka\u0441h, Tynkowanie Renowacja Elewacji - Wy\u017cej","description":"Oferujemy profesjonalne naprawy dziur po ptakach i tynkowanie elewacji. Usuwamy uszkodzenia, zabezpieczamy powierzchnie i przywracamy estetyczny wygl\u0105d budynku. Skontaktuj si\u0119 z nami i zam\u00f3w us\u0142ug\u0119 ju\u017c dzi\u015b!","robots":{"index":"index","follow":"follow","max-snippet":"max-snippet:-1","max-image-preview":"max-image-preview:large","max-video-preview":"max-video-preview:-1"},"canonical":"https:\/\/wyzej.com.pl\/index.php\/oferta\/naprawy-dziur-po-ptakachtynkowanie\/","og_locale":"pl_PL","og_type":"article","og_title":"Naprawa Dziur po Ptaka\u0441h, Tynkowanie Renowacja Elewacji - Wy\u017cej","og_description":"Oferujemy profesjonalne naprawy dziur po ptakach i tynkowanie elewacji. Usuwamy uszkodzenia, zabezpieczamy powierzchnie i przywracamy estetyczny wygl\u0105d budynku. Skontaktuj si\u0119 z nami i zam\u00f3w us\u0142ug\u0119 ju\u017c dzi\u015b!","og_url":"https:\/\/wyzej.com.pl\/index.php\/oferta\/naprawy-dziur-po-ptakachtynkowanie\/","og_site_name":"Wy\u017cej","article_modified_time":"2025-03-17T14:05:02+00:00","og_image":[{"url":"https:\/\/wyzej.com.pl\/wp-content\/uploads\/2023\/05\/g1813.png","type":"","width":"","height":""}],"twitter_card":"summary_large_image","twitter_misc":{"Szacowany czas czytania":"1 minuta"},"schema":{"@context":"https:\/\/schema.org","@graph":[{"@type":"WebPage","@id":"https:\/\/wyzej.com.pl\/index.php\/oferta\/naprawy-dziur-po-ptakachtynkowanie\/","url":"https:\/\/wyzej.com.pl\/index.php\/oferta\/naprawy-dziur-po-ptakachtynkowanie\/","name":"Naprawa Dziur po Ptaka\u0441h, Tynkowanie Renowacja Elewacji - Wy\u017cej","isPartOf":{"@id":"https:\/\/wyzej.com.pl\/#website"},"primaryImageOfPage":{"@id":"https:\/\/wyzej.com.pl\/index.php\/oferta\/naprawy-dziur-po-ptakachtynkowanie\/#primaryimage"},"image":{"@id":"https:\/\/wyzej.com.pl\/index.php\/oferta\/naprawy-dziur-po-ptakachtynkowanie\/#primaryimage"},"thumbnailUrl":"https:\/\/wyzej.com.pl\/wp-content\/uploads\/2023\/05\/g1813.png","datePublished":"2023-05-11T19:38:55+00:00","dateModified":"2025-03-17T14:05:02+00:00","description":"Oferujemy profesjonalne naprawy dziur po ptakach i tynkowanie elewacji. Usuwamy uszkodzenia, zabezpieczamy powierzchnie i przywracamy estetyczny wygl\u0105d budynku. Skontaktuj si\u0119 z nami i zam\u00f3w us\u0142ug\u0119 ju\u017c dzi\u015b!","breadcrumb":{"@id":"https:\/\/wyzej.com.pl\/index.php\/oferta\/naprawy-dziur-po-ptakachtynkowanie\/#breadcrumb"},"inLanguage":"pl-PL","potentialAction":[{"@type":"ReadAction","target":["https:\/\/wyzej.com.pl\/index.php\/oferta\/naprawy-dziur-po-ptakachtynkowanie\/"]}]},{"@type":"ImageObject","inLanguage":"pl-PL","@id":"https:\/\/wyzej.com.pl\/index.php\/oferta\/naprawy-dziur-po-ptakachtynkowanie\/#primaryimage","url":"https:\/\/wyzej.com.pl\/wp-content\/uploads\/2023\/05\/g1813.png","contentUrl":"https:\/\/wyzej.com.pl\/wp-content\/uploads\/2023\/05\/g1813.png","width":180,"height":119},{"@type":"BreadcrumbList","@id":"https:\/\/wyzej.com.pl\/index.php\/oferta\/naprawy-dziur-po-ptakachtynkowanie\/#breadcrumb","itemListElement":[{"@type":"ListItem","position":1,"name":"Strona g\u0142\u00f3wna","item":"https:\/\/wyzej.com.pl\/"},{"@type":"ListItem","position":2,"name":"Oferta","item":"https:\/\/wyzej.com.pl\/"},{"@type":"ListItem","position":3,"name":"NAPRAWY DZIUR PO PTAKACH,TYNKOWANIE"}]},{"@type":"WebSite","@id":"https:\/\/wyzej.com.pl\/#website","url":"https:\/\/wyzej.com.pl\/","name":"Wy\u017cej - Us\u0142ugi wysoko\u015bciowe","description":"","publisher":{"@id":"https:\/\/wyzej.com.pl\/#organization"},"potentialAction":[{"@type":"SearchAction","target":{"@type":"EntryPoint","urlTemplate":"https:\/\/wyzej.com.pl\/?s={search_term_string}"},"query-input":{"@type":"PropertyValueSpecification","valueRequired":true,"valueName":"search_term_string"}}],"inLanguage":"pl-PL"},{"@type":"Organization","@id":"https:\/\/wyzej.com.pl\/#organization","name":"Wy\u017cej - Us\u0142ugi wysoko\u015bciowe","url":"https:\/\/wyzej.com.pl\/","logo":{"@type":"ImageObject","inLanguage":"pl-PL","@id":"https:\/\/wyzej.com.pl\/#\/schema\/logo\/image\/","url":"https:\/\/wyzej.com.pl\/wp-content\/uploads\/2023\/05\/path133.png","contentUrl":"https:\/\/wyzej.com.pl\/wp-content\/uploads\/2023\/05\/path133.png","width":870,"height":773,"caption":"Wy\u017cej - Us\u0142ugi wysoko\u015bciowe"},"image":{"@id":"https:\/\/wyzej.com.pl\/#\/schema\/logo\/image\/"}}]}},"_links":{"self":[{"href":"https:\/\/wyzej.com.pl\/index.php\/wp-json\/wp\/v2\/pages\/29","targetHints":{"allow":["GET"]}}],"collection":[{"href":"https:\/\/wyzej.com.pl\/index.php\/wp-json\/wp\/v2\/pages"}],"about":[{"href":"https:\/\/wyzej.com.pl\/index.php\/wp-json\/wp\/v2\/types\/page"}],"author":[{"embeddable":true,"href":"https:\/\/wyzej.com.pl\/index.php\/wp-json\/wp\/v2\/users\/1"}],"replies":[{"embeddable":true,"href":"https:\/\/wyzej.com.pl\/index.php\/wp-json\/wp\/v2\/comments?post=29"}],"version-history":[{"count":10,"href":"https:\/\/wyzej.com.pl\/index.php\/wp-json\/wp\/v2\/pages\/29\/revisions"}],"predecessor-version":[{"id":294,"href":"https:\/\/wyzej.com.pl\/index.php\/wp-json\/wp\/v2\/pages\/29\/revisions\/294"}],"up":[{"embeddable":true,"href":"https:\/\/wyzej.com.pl\/index.php\/wp-json\/wp\/v2\/pages\/16"}],"wp:attachment":[{"href":"https:\/\/wyzej.com.pl\/index.php\/wp-json\/wp\/v2\/media?parent=29"}],"curies":[{"name":"wp","href":"https:\/\/api.w.org\/{rel}","templated":true}]}}