{"id":26,"date":"2023-05-11T21:38:24","date_gmt":"2023-05-11T19:38:24","guid":{"rendered":"https:\/\/wyzej.com.pl\/?page_id=26"},"modified":"2025-03-17T15:03:08","modified_gmt":"2025-03-17T14:03:08","slug":"mycie-woda-demirelizowana","status":"publish","type":"page","link":"https:\/\/wyzej.com.pl\/index.php\/oferta\/mycie-woda-demirelizowana\/","title":{"rendered":"MYCIE WOD\u0104 DEMIRELIZOWAN\u0104"},"content":{"rendered":"\t\t<div data-elementor-type=\"wp-page\" data-elementor-id=\"26\" class=\"elementor elementor-26\" data-elementor-post-type=\"page\">\n\t\t\t\t\t\t<section class=\"elementor-section elementor-top-section elementor-element elementor-element-7e6039bf elementor-section-content-middle elementor-section-boxed elementor-section-height-default elementor-section-height-default\" data-id=\"7e6039bf\" data-element_type=\"section\" data-settings=\"{&quot;background_background&quot;:&quot;classic&quot;}\">\n\t\t\t\t\t\t<div class=\"elementor-container elementor-column-gap-default\">\n\t\t\t\t\t<div class=\"elementor-column elementor-col-66 elementor-top-column elementor-element elementor-element-7b6e0f0\" data-id=\"7b6e0f0\" data-element_type=\"column\">\n\t\t\t<div class=\"elementor-widget-wrap elementor-element-populated\">\n\t\t\t\t\t\t<div class=\"elementor-element elementor-element-ea26ee3 elementor-widget elementor-widget-heading\" data-id=\"ea26ee3\" data-element_type=\"widget\" data-widget_type=\"heading.default\">\n\t\t\t\t<div class=\"elementor-widget-container\">\n\t\t\t\t\t<h2 class=\"elementor-heading-title elementor-size-default\">Mycie wod\u0105 deminneralizowan\u0105<\/h2>\t\t\t\t<\/div>\n\t\t\t\t<\/div>\n\t\t\t\t\t<\/div>\n\t\t<\/div>\n\t\t\t\t<div class=\"elementor-column elementor-col-33 elementor-top-column elementor-element elementor-element-1a9fa7c4\" data-id=\"1a9fa7c4\" data-element_type=\"column\">\n\t\t\t<div class=\"elementor-widget-wrap elementor-element-populated\">\n\t\t\t\t\t\t<div class=\"elementor-element elementor-element-4cb60782 elementor-widget elementor-widget-image\" data-id=\"4cb60782\" data-element_type=\"widget\" data-widget_type=\"image.default\">\n\t\t\t\t<div class=\"elementor-widget-container\">\n\t\t\t\t\t\t\t\t\t\t\t\t\t\t\t<img decoding=\"async\" width=\"138\" height=\"179\" src=\"https:\/\/wyzej.com.pl\/wp-content\/uploads\/2023\/05\/g1157.png\" class=\"attachment-large size-large wp-image-160\" alt=\"\" \/>\t\t\t\t\t\t\t\t\t\t\t\t\t\t\t<\/div>\n\t\t\t\t<\/div>\n\t\t\t\t\t<\/div>\n\t\t<\/div>\n\t\t\t\t\t<\/div>\n\t\t<\/section>\n\t\t\t\t<section class=\"elementor-section elementor-top-section elementor-element elementor-element-bfff5b7 elementor-section-boxed elementor-section-height-default elementor-section-height-default\" data-id=\"bfff5b7\" data-element_type=\"section\">\n\t\t\t\t\t\t<div class=\"elementor-container elementor-column-gap-default\">\n\t\t\t\t\t<div class=\"elementor-column elementor-col-100 elementor-top-column elementor-element elementor-element-34547ed5\" data-id=\"34547ed5\" data-element_type=\"column\">\n\t\t\t<div class=\"elementor-widget-wrap elementor-element-populated\">\n\t\t\t\t\t\t<div class=\"elementor-element elementor-element-1cdf9ee3 elementor-widget elementor-widget-heading\" data-id=\"1cdf9ee3\" data-element_type=\"widget\" data-widget_type=\"heading.default\">\n\t\t\t\t<div class=\"elementor-widget-container\">\n\t\t\t\t\t<h2 class=\"elementor-heading-title elementor-size-default\">Nowe Technologie przynosz\u0105 du\u017cy wyb\u00f3r\nrozwi\u0105za\u0144 kt\u00f3re mo\u017cemy wykorzysta\u0107\nw naszej pracy.\n<\/h2>\t\t\t\t<\/div>\n\t\t\t\t<\/div>\n\t\t\t\t<div class=\"elementor-element elementor-element-1dac7fd2 elementor-widget elementor-widget-text-editor\" data-id=\"1dac7fd2\" data-element_type=\"widget\" data-widget_type=\"text-editor.default\">\n\t\t\t\t<div class=\"elementor-widget-container\">\n\t\t\t\t\t\t\t\t\t<p>System mycia wod\u0105 oczyszczon\u0105 z osad\u00f3w kamiennych przez kilka etap\u00f3w filtrowania pozwala umy\u0107 trudno dost\u0119pne<br \/>powierzchnie bez u\u017cycia technik alpinistycznych lub s\u0142u\u017cy jako ich uzupe\u0142nienie.<\/p>\t\t\t\t\t\t\t\t<\/div>\n\t\t\t\t<\/div>\n\t\t\t\t\t<\/div>\n\t\t<\/div>\n\t\t\t\t\t<\/div>\n\t\t<\/section>\n\t\t\t\t<section class=\"elementor-section elementor-top-section elementor-element elementor-element-3ad3a54c elementor-section-boxed elementor-section-height-default elementor-section-height-default\" data-id=\"3ad3a54c\" data-element_type=\"section\" data-settings=\"{&quot;background_background&quot;:&quot;classic&quot;}\">\n\t\t\t\t\t\t<div class=\"elementor-container elementor-column-gap-default\">\n\t\t\t\t\t<div class=\"elementor-column elementor-col-50 elementor-top-column elementor-element elementor-element-21f97cc5\" data-id=\"21f97cc5\" data-element_type=\"column\" data-settings=\"{&quot;background_background&quot;:&quot;classic&quot;}\">\n\t\t\t<div class=\"elementor-widget-wrap elementor-element-populated\">\n\t\t\t\t\t\t<div class=\"elementor-element elementor-element-2c707543 elementor-widget elementor-widget-text-editor\" data-id=\"2c707543\" data-element_type=\"widget\" data-widget_type=\"text-editor.default\">\n\t\t\t\t<div class=\"elementor-widget-container\">\n\t\t\t\t\t\t\t\t\t<ul><li>mycie elewacji i przeszkle\u0144 wod\u0105 zdemineralizowan\u0105<\/li><li>mycie paneli fotowoltaicznych<\/li><li>mycie \u015bwietlik\u00f3w i daszk\u00f3w szklanych<\/li><li>mycie szklarni<\/li><\/ul>\t\t\t\t\t\t\t\t<\/div>\n\t\t\t\t<\/div>\n\t\t\t\t\t<\/div>\n\t\t<\/div>\n\t\t\t\t<div class=\"elementor-column elementor-col-50 elementor-top-column elementor-element elementor-element-6b01571a\" data-id=\"6b01571a\" data-element_type=\"column\">\n\t\t\t<div class=\"elementor-widget-wrap elementor-element-populated\">\n\t\t\t\t\t\t<div class=\"elementor-element elementor-element-218d56ea elementor-widget elementor-widget-image\" data-id=\"218d56ea\" data-element_type=\"widget\" data-widget_type=\"image.default\">\n\t\t\t\t<div class=\"elementor-widget-container\">\n\t\t\t\t\t\t\t\t\t\t\t\t\t\t\t<img fetchpriority=\"high\" decoding=\"async\" width=\"800\" height=\"1020\" src=\"https:\/\/wyzej.com.pl\/wp-content\/uploads\/2023\/05\/g1201-803x1024.png\" class=\"attachment-large size-large wp-image-161\" alt=\"\" srcset=\"https:\/\/wyzej.com.pl\/wp-content\/uploads\/2023\/05\/g1201-803x1024.png 803w, https:\/\/wyzej.com.pl\/wp-content\/uploads\/2023\/05\/g1201-235x300.png 235w, https:\/\/wyzej.com.pl\/wp-content\/uploads\/2023\/05\/g1201-768x980.png 768w, https:\/\/wyzej.com.pl\/wp-content\/uploads\/2023\/05\/g1201.png 881w\" sizes=\"(max-width: 800px) 100vw, 800px\" \/>\t\t\t\t\t\t\t\t\t\t\t\t\t\t\t<\/div>\n\t\t\t\t<\/div>\n\t\t\t\t\t<\/div>\n\t\t<\/div>\n\t\t\t\t\t<\/div>\n\t\t<\/section>\n\t\t\t\t<\/div>\n\t\t","protected":false},"excerpt":{"rendered":"<p>Mycie wod\u0105 deminneralizowan\u0105 Nowe Technologie przynosz\u0105 du\u017cy wyb\u00f3r rozwi\u0105za\u0144 kt\u00f3re mo\u017cemy wykorzysta\u0107 w naszej pracy. System mycia wod\u0105 oczyszczon\u0105 z osad\u00f3w kamiennych przez kilka etap\u00f3w filtrowania pozwala umy\u0107 trudno dost\u0119pnepowierzchnie bez u\u017cycia technik alpinistycznych lub s\u0142u\u017cy jako ich uzupe\u0142nienie. mycie elewacji i przeszkle\u0144 wod\u0105 zdemineralizowan\u0105 mycie paneli fotowoltaicznych mycie \u015bwietlik\u00f3w i daszk\u00f3w szklanych mycie szklarni<\/p>\n","protected":false},"author":1,"featured_media":0,"parent":16,"menu_order":0,"comment_status":"closed","ping_status":"closed","template":"elementor_header_footer","meta":{"footnotes":""},"class_list":["post-26","page","type-page","status-publish","hentry"],"yoast_head":"<!-- This site is optimized with the Yoast SEO plugin v24.4 - https:\/\/yoast.com\/wordpress\/plugins\/seo\/ -->\n<title>Mycie Wod\u0105 Demineralizowan\u0105 \u2013 Bez Smug i Osad\u00f3w - Wy\u017cej<\/title>\n<meta name=\"description\" content=\"Oferujemy mycie wod\u0105 demineralizowan\u0105, kt\u00f3re skutecznie usuwa zabrudzenia bez smug i osad\u00f3w. Idealne rozwi\u0105zanie do czyszczenia okien, elewacji i paneli fotowoltaicznych. Skontaktuj si\u0119 i zam\u00f3w us\u0142ug\u0119 ju\u017c dzi\u015b!\" \/>\n<meta name=\"robots\" content=\"index, follow, max-snippet:-1, max-image-preview:large, max-video-preview:-1\" \/>\n<link rel=\"canonical\" href=\"https:\/\/wyzej.com.pl\/index.php\/oferta\/mycie-woda-demirelizowana\/\" \/>\n<meta property=\"og:locale\" content=\"pl_PL\" \/>\n<meta property=\"og:type\" content=\"article\" \/>\n<meta property=\"og:title\" content=\"Mycie Wod\u0105 Demineralizowan\u0105 \u2013 Bez Smug i Osad\u00f3w - Wy\u017cej\" \/>\n<meta property=\"og:description\" content=\"Oferujemy mycie wod\u0105 demineralizowan\u0105, kt\u00f3re skutecznie usuwa zabrudzenia bez smug i osad\u00f3w. Idealne rozwi\u0105zanie do czyszczenia okien, elewacji i paneli fotowoltaicznych. Skontaktuj si\u0119 i zam\u00f3w us\u0142ug\u0119 ju\u017c dzi\u015b!\" \/>\n<meta property=\"og:url\" content=\"https:\/\/wyzej.com.pl\/index.php\/oferta\/mycie-woda-demirelizowana\/\" \/>\n<meta property=\"og:site_name\" content=\"Wy\u017cej\" \/>\n<meta property=\"article:modified_time\" content=\"2025-03-17T14:03:08+00:00\" \/>\n<meta property=\"og:image\" content=\"https:\/\/wyzej.com.pl\/wp-content\/uploads\/2023\/05\/g1157.png\" \/>\n<meta name=\"twitter:card\" content=\"summary_large_image\" \/>\n<meta name=\"twitter:label1\" content=\"Szacowany czas czytania\" \/>\n\t<meta name=\"twitter:data1\" content=\"1 minuta\" \/>\n<script type=\"application\/ld+json\" class=\"yoast-schema-graph\">{\"@context\":\"https:\/\/schema.org\",\"@graph\":[{\"@type\":\"WebPage\",\"@id\":\"https:\/\/wyzej.com.pl\/index.php\/oferta\/mycie-woda-demirelizowana\/\",\"url\":\"https:\/\/wyzej.com.pl\/index.php\/oferta\/mycie-woda-demirelizowana\/\",\"name\":\"Mycie Wod\u0105 Demineralizowan\u0105 \u2013 Bez Smug i Osad\u00f3w - Wy\u017cej\",\"isPartOf\":{\"@id\":\"https:\/\/wyzej.com.pl\/#website\"},\"primaryImageOfPage\":{\"@id\":\"https:\/\/wyzej.com.pl\/index.php\/oferta\/mycie-woda-demirelizowana\/#primaryimage\"},\"image\":{\"@id\":\"https:\/\/wyzej.com.pl\/index.php\/oferta\/mycie-woda-demirelizowana\/#primaryimage\"},\"thumbnailUrl\":\"https:\/\/wyzej.com.pl\/wp-content\/uploads\/2023\/05\/g1157.png\",\"datePublished\":\"2023-05-11T19:38:24+00:00\",\"dateModified\":\"2025-03-17T14:03:08+00:00\",\"description\":\"Oferujemy mycie wod\u0105 demineralizowan\u0105, kt\u00f3re skutecznie usuwa zabrudzenia bez smug i osad\u00f3w. Idealne rozwi\u0105zanie do czyszczenia okien, elewacji i paneli fotowoltaicznych. Skontaktuj si\u0119 i zam\u00f3w us\u0142ug\u0119 ju\u017c dzi\u015b!\",\"breadcrumb\":{\"@id\":\"https:\/\/wyzej.com.pl\/index.php\/oferta\/mycie-woda-demirelizowana\/#breadcrumb\"},\"inLanguage\":\"pl-PL\",\"potentialAction\":[{\"@type\":\"ReadAction\",\"target\":[\"https:\/\/wyzej.com.pl\/index.php\/oferta\/mycie-woda-demirelizowana\/\"]}]},{\"@type\":\"ImageObject\",\"inLanguage\":\"pl-PL\",\"@id\":\"https:\/\/wyzej.com.pl\/index.php\/oferta\/mycie-woda-demirelizowana\/#primaryimage\",\"url\":\"https:\/\/wyzej.com.pl\/wp-content\/uploads\/2023\/05\/g1157.png\",\"contentUrl\":\"https:\/\/wyzej.com.pl\/wp-content\/uploads\/2023\/05\/g1157.png\",\"width\":138,\"height\":179},{\"@type\":\"BreadcrumbList\",\"@id\":\"https:\/\/wyzej.com.pl\/index.php\/oferta\/mycie-woda-demirelizowana\/#breadcrumb\",\"itemListElement\":[{\"@type\":\"ListItem\",\"position\":1,\"name\":\"Strona g\u0142\u00f3wna\",\"item\":\"https:\/\/wyzej.com.pl\/\"},{\"@type\":\"ListItem\",\"position\":2,\"name\":\"Oferta\",\"item\":\"https:\/\/wyzej.com.pl\/\"},{\"@type\":\"ListItem\",\"position\":3,\"name\":\"MYCIE WOD\u0104 DEMIRELIZOWAN\u0104\"}]},{\"@type\":\"WebSite\",\"@id\":\"https:\/\/wyzej.com.pl\/#website\",\"url\":\"https:\/\/wyzej.com.pl\/\",\"name\":\"Wy\u017cej - Us\u0142ugi wysoko\u015bciowe\",\"description\":\"\",\"publisher\":{\"@id\":\"https:\/\/wyzej.com.pl\/#organization\"},\"potentialAction\":[{\"@type\":\"SearchAction\",\"target\":{\"@type\":\"EntryPoint\",\"urlTemplate\":\"https:\/\/wyzej.com.pl\/?s={search_term_string}\"},\"query-input\":{\"@type\":\"PropertyValueSpecification\",\"valueRequired\":true,\"valueName\":\"search_term_string\"}}],\"inLanguage\":\"pl-PL\"},{\"@type\":\"Organization\",\"@id\":\"https:\/\/wyzej.com.pl\/#organization\",\"name\":\"Wy\u017cej - Us\u0142ugi wysoko\u015bciowe\",\"url\":\"https:\/\/wyzej.com.pl\/\",\"logo\":{\"@type\":\"ImageObject\",\"inLanguage\":\"pl-PL\",\"@id\":\"https:\/\/wyzej.com.pl\/#\/schema\/logo\/image\/\",\"url\":\"https:\/\/wyzej.com.pl\/wp-content\/uploads\/2023\/05\/path133.png\",\"contentUrl\":\"https:\/\/wyzej.com.pl\/wp-content\/uploads\/2023\/05\/path133.png\",\"width\":870,\"height\":773,\"caption\":\"Wy\u017cej - Us\u0142ugi wysoko\u015bciowe\"},\"image\":{\"@id\":\"https:\/\/wyzej.com.pl\/#\/schema\/logo\/image\/\"}}]}<\/script>\n<!-- \/ Yoast SEO plugin. -->","yoast_head_json":{"title":"Mycie Wod\u0105 Demineralizowan\u0105 \u2013 Bez Smug i Osad\u00f3w - Wy\u017cej","description":"Oferujemy mycie wod\u0105 demineralizowan\u0105, kt\u00f3re skutecznie usuwa zabrudzenia bez smug i osad\u00f3w. Idealne rozwi\u0105zanie do czyszczenia okien, elewacji i paneli fotowoltaicznych. Skontaktuj si\u0119 i zam\u00f3w us\u0142ug\u0119 ju\u017c dzi\u015b!","robots":{"index":"index","follow":"follow","max-snippet":"max-snippet:-1","max-image-preview":"max-image-preview:large","max-video-preview":"max-video-preview:-1"},"canonical":"https:\/\/wyzej.com.pl\/index.php\/oferta\/mycie-woda-demirelizowana\/","og_locale":"pl_PL","og_type":"article","og_title":"Mycie Wod\u0105 Demineralizowan\u0105 \u2013 Bez Smug i Osad\u00f3w - Wy\u017cej","og_description":"Oferujemy mycie wod\u0105 demineralizowan\u0105, kt\u00f3re skutecznie usuwa zabrudzenia bez smug i osad\u00f3w. Idealne rozwi\u0105zanie do czyszczenia okien, elewacji i paneli fotowoltaicznych. Skontaktuj si\u0119 i zam\u00f3w us\u0142ug\u0119 ju\u017c dzi\u015b!","og_url":"https:\/\/wyzej.com.pl\/index.php\/oferta\/mycie-woda-demirelizowana\/","og_site_name":"Wy\u017cej","article_modified_time":"2025-03-17T14:03:08+00:00","og_image":[{"url":"https:\/\/wyzej.com.pl\/wp-content\/uploads\/2023\/05\/g1157.png","type":"","width":"","height":""}],"twitter_card":"summary_large_image","twitter_misc":{"Szacowany czas czytania":"1 minuta"},"schema":{"@context":"https:\/\/schema.org","@graph":[{"@type":"WebPage","@id":"https:\/\/wyzej.com.pl\/index.php\/oferta\/mycie-woda-demirelizowana\/","url":"https:\/\/wyzej.com.pl\/index.php\/oferta\/mycie-woda-demirelizowana\/","name":"Mycie Wod\u0105 Demineralizowan\u0105 \u2013 Bez Smug i Osad\u00f3w - Wy\u017cej","isPartOf":{"@id":"https:\/\/wyzej.com.pl\/#website"},"primaryImageOfPage":{"@id":"https:\/\/wyzej.com.pl\/index.php\/oferta\/mycie-woda-demirelizowana\/#primaryimage"},"image":{"@id":"https:\/\/wyzej.com.pl\/index.php\/oferta\/mycie-woda-demirelizowana\/#primaryimage"},"thumbnailUrl":"https:\/\/wyzej.com.pl\/wp-content\/uploads\/2023\/05\/g1157.png","datePublished":"2023-05-11T19:38:24+00:00","dateModified":"2025-03-17T14:03:08+00:00","description":"Oferujemy mycie wod\u0105 demineralizowan\u0105, kt\u00f3re skutecznie usuwa zabrudzenia bez smug i osad\u00f3w. Idealne rozwi\u0105zanie do czyszczenia okien, elewacji i paneli fotowoltaicznych. Skontaktuj si\u0119 i zam\u00f3w us\u0142ug\u0119 ju\u017c dzi\u015b!","breadcrumb":{"@id":"https:\/\/wyzej.com.pl\/index.php\/oferta\/mycie-woda-demirelizowana\/#breadcrumb"},"inLanguage":"pl-PL","potentialAction":[{"@type":"ReadAction","target":["https:\/\/wyzej.com.pl\/index.php\/oferta\/mycie-woda-demirelizowana\/"]}]},{"@type":"ImageObject","inLanguage":"pl-PL","@id":"https:\/\/wyzej.com.pl\/index.php\/oferta\/mycie-woda-demirelizowana\/#primaryimage","url":"https:\/\/wyzej.com.pl\/wp-content\/uploads\/2023\/05\/g1157.png","contentUrl":"https:\/\/wyzej.com.pl\/wp-content\/uploads\/2023\/05\/g1157.png","width":138,"height":179},{"@type":"BreadcrumbList","@id":"https:\/\/wyzej.com.pl\/index.php\/oferta\/mycie-woda-demirelizowana\/#breadcrumb","itemListElement":[{"@type":"ListItem","position":1,"name":"Strona g\u0142\u00f3wna","item":"https:\/\/wyzej.com.pl\/"},{"@type":"ListItem","position":2,"name":"Oferta","item":"https:\/\/wyzej.com.pl\/"},{"@type":"ListItem","position":3,"name":"MYCIE WOD\u0104 DEMIRELIZOWAN\u0104"}]},{"@type":"WebSite","@id":"https:\/\/wyzej.com.pl\/#website","url":"https:\/\/wyzej.com.pl\/","name":"Wy\u017cej - Us\u0142ugi wysoko\u015bciowe","description":"","publisher":{"@id":"https:\/\/wyzej.com.pl\/#organization"},"potentialAction":[{"@type":"SearchAction","target":{"@type":"EntryPoint","urlTemplate":"https:\/\/wyzej.com.pl\/?s={search_term_string}"},"query-input":{"@type":"PropertyValueSpecification","valueRequired":true,"valueName":"search_term_string"}}],"inLanguage":"pl-PL"},{"@type":"Organization","@id":"https:\/\/wyzej.com.pl\/#organization","name":"Wy\u017cej - Us\u0142ugi wysoko\u015bciowe","url":"https:\/\/wyzej.com.pl\/","logo":{"@type":"ImageObject","inLanguage":"pl-PL","@id":"https:\/\/wyzej.com.pl\/#\/schema\/logo\/image\/","url":"https:\/\/wyzej.com.pl\/wp-content\/uploads\/2023\/05\/path133.png","contentUrl":"https:\/\/wyzej.com.pl\/wp-content\/uploads\/2023\/05\/path133.png","width":870,"height":773,"caption":"Wy\u017cej - Us\u0142ugi wysoko\u015bciowe"},"image":{"@id":"https:\/\/wyzej.com.pl\/#\/schema\/logo\/image\/"}}]}},"_links":{"self":[{"href":"https:\/\/wyzej.com.pl\/index.php\/wp-json\/wp\/v2\/pages\/26","targetHints":{"allow":["GET"]}}],"collection":[{"href":"https:\/\/wyzej.com.pl\/index.php\/wp-json\/wp\/v2\/pages"}],"about":[{"href":"https:\/\/wyzej.com.pl\/index.php\/wp-json\/wp\/v2\/types\/page"}],"author":[{"embeddable":true,"href":"https:\/\/wyzej.com.pl\/index.php\/wp-json\/wp\/v2\/users\/1"}],"replies":[{"embeddable":true,"href":"https:\/\/wyzej.com.pl\/index.php\/wp-json\/wp\/v2\/comments?post=26"}],"version-history":[{"count":4,"href":"https:\/\/wyzej.com.pl\/index.php\/wp-json\/wp\/v2\/pages\/26\/revisions"}],"predecessor-version":[{"id":165,"href":"https:\/\/wyzej.com.pl\/index.php\/wp-json\/wp\/v2\/pages\/26\/revisions\/165"}],"up":[{"embeddable":true,"href":"https:\/\/wyzej.com.pl\/index.php\/wp-json\/wp\/v2\/pages\/16"}],"wp:attachment":[{"href":"https:\/\/wyzej.com.pl\/index.php\/wp-json\/wp\/v2\/media?parent=26"}],"curies":[{"name":"wp","href":"https:\/\/api.w.org\/{rel}","templated":true}]}}