{"id":252,"date":"2023-12-13T16:10:37","date_gmt":"2023-12-13T15:10:37","guid":{"rendered":"https:\/\/wyzej.com.pl\/?page_id=252"},"modified":"2025-03-17T15:03:53","modified_gmt":"2025-03-17T14:03:53","slug":"mycie-malowanie-i-impregnacja-dachow","status":"publish","type":"page","link":"https:\/\/wyzej.com.pl\/index.php\/oferta\/mycie-malowanie-i-impregnacja-dachow\/","title":{"rendered":"MYCIE, MALOWANIE I IMPREGNACJA DACH\u00d3W"},"content":{"rendered":"\t\t<div data-elementor-type=\"wp-page\" data-elementor-id=\"252\" class=\"elementor elementor-252\" data-elementor-post-type=\"page\">\n\t\t\t\t\t\t<section class=\"elementor-section elementor-top-section elementor-element elementor-element-85e3f73 elementor-section-content-middle elementor-section-boxed elementor-section-height-default elementor-section-height-default\" data-id=\"85e3f73\" data-element_type=\"section\" data-settings=\"{&quot;background_background&quot;:&quot;classic&quot;}\">\n\t\t\t\t\t\t<div class=\"elementor-container elementor-column-gap-default\">\n\t\t\t\t\t<div class=\"elementor-column elementor-col-66 elementor-top-column elementor-element elementor-element-d50fa89\" data-id=\"d50fa89\" data-element_type=\"column\">\n\t\t\t<div class=\"elementor-widget-wrap elementor-element-populated\">\n\t\t\t\t\t\t<div class=\"elementor-element elementor-element-899d9b4 elementor-widget elementor-widget-heading\" data-id=\"899d9b4\" data-element_type=\"widget\" data-widget_type=\"heading.default\">\n\t\t\t\t<div class=\"elementor-widget-container\">\n\t\t\t\t\t<h2 class=\"elementor-heading-title elementor-size-default\">Mycie, malowanie i impregnacja dach\u00f3w<\/h2>\t\t\t\t<\/div>\n\t\t\t\t<\/div>\n\t\t\t\t\t<\/div>\n\t\t<\/div>\n\t\t\t\t<div class=\"elementor-column elementor-col-33 elementor-top-column elementor-element elementor-element-ae0e309\" data-id=\"ae0e309\" data-element_type=\"column\">\n\t\t\t<div class=\"elementor-widget-wrap elementor-element-populated\">\n\t\t\t\t\t\t<div class=\"elementor-element elementor-element-7d85f1e elementor-widget elementor-widget-image\" data-id=\"7d85f1e\" data-element_type=\"widget\" data-widget_type=\"image.default\">\n\t\t\t\t<div class=\"elementor-widget-container\">\n\t\t\t\t\t\t\t\t\t\t\t\t\t\t\t<img decoding=\"async\" width=\"180\" height=\"119\" src=\"https:\/\/wyzej.com.pl\/wp-content\/uploads\/2023\/05\/g1813.png\" class=\"attachment-large size-large wp-image-175\" alt=\"\" \/>\t\t\t\t\t\t\t\t\t\t\t\t\t\t\t<\/div>\n\t\t\t\t<\/div>\n\t\t\t\t\t<\/div>\n\t\t<\/div>\n\t\t\t\t\t<\/div>\n\t\t<\/section>\n\t\t\t\t<section class=\"elementor-section elementor-top-section elementor-element elementor-element-aadd7b2 elementor-section-boxed elementor-section-height-default elementor-section-height-default\" data-id=\"aadd7b2\" data-element_type=\"section\">\n\t\t\t\t\t\t<div class=\"elementor-container elementor-column-gap-default\">\n\t\t\t\t\t<div class=\"elementor-column elementor-col-100 elementor-top-column elementor-element elementor-element-bad30cd\" data-id=\"bad30cd\" data-element_type=\"column\">\n\t\t\t<div class=\"elementor-widget-wrap elementor-element-populated\">\n\t\t\t\t\t\t<div class=\"elementor-element elementor-element-1410593 elementor-widget elementor-widget-heading\" data-id=\"1410593\" data-element_type=\"widget\" data-widget_type=\"heading.default\">\n\t\t\t\t<div class=\"elementor-widget-container\">\n\t\t\t\t\t<h2 class=\"elementor-heading-title elementor-size-default\">Dbaj\u0105c o estetyk\u0119 i trwa\u0142o\u015b\u0107 dachu, oferujemy kompleksowe us\u0142ugi mycia, malowania i impregnacji dach\u00f3w z blachy, dach\u00f3wki ceramicznej oraz dach\u00f3wki betonowej.<\/h2>\t\t\t\t<\/div>\n\t\t\t\t<\/div>\n\t\t\t\t<div class=\"elementor-element elementor-element-232f8a6 elementor-widget elementor-widget-text-editor\" data-id=\"232f8a6\" data-element_type=\"widget\" data-widget_type=\"text-editor.default\">\n\t\t\t\t<div class=\"elementor-widget-container\">\n\t\t\t\t\t\t\t\t\t<p dir=\"ltr\">Nasz do\u015bwiadczony zesp\u00f3\u0142 zapewni profesjonaln\u0105 obs\u0142ug\u0119 i doskona\u0142e rezultaty, kt\u00f3re odmieni\u0105 wygl\u0105d Pa\u0144stwa dachu.\u00a0<\/p>\t\t\t\t\t\t\t\t<\/div>\n\t\t\t\t<\/div>\n\t\t\t\t\t<\/div>\n\t\t<\/div>\n\t\t\t\t\t<\/div>\n\t\t<\/section>\n\t\t\t\t<section class=\"elementor-section elementor-top-section elementor-element elementor-element-0b49268 elementor-section-boxed elementor-section-height-default elementor-section-height-default\" data-id=\"0b49268\" data-element_type=\"section\" data-settings=\"{&quot;background_background&quot;:&quot;classic&quot;}\">\n\t\t\t\t\t\t\t<div class=\"elementor-background-overlay\"><\/div>\n\t\t\t\t\t\t\t<div class=\"elementor-container elementor-column-gap-default\">\n\t\t\t\t\t<div class=\"elementor-column elementor-col-50 elementor-top-column elementor-element elementor-element-e6b66c3\" data-id=\"e6b66c3\" data-element_type=\"column\" data-settings=\"{&quot;background_background&quot;:&quot;classic&quot;}\">\n\t\t\t<div class=\"elementor-widget-wrap elementor-element-populated\">\n\t\t\t\t\t\t<div class=\"elementor-element elementor-element-8b4d915 elementor-widget elementor-widget-heading\" data-id=\"8b4d915\" data-element_type=\"widget\" data-widget_type=\"heading.default\">\n\t\t\t\t<div class=\"elementor-widget-container\">\n\t\t\t\t\t<h2 class=\"elementor-heading-title elementor-size-default\">Us\u0142uga realizowana jest w trzech etapach:<\/h2>\t\t\t\t<\/div>\n\t\t\t\t<\/div>\n\t\t\t\t<div class=\"elementor-element elementor-element-6a373b9 elementor-widget elementor-widget-text-editor\" data-id=\"6a373b9\" data-element_type=\"widget\" data-widget_type=\"text-editor.default\">\n\t\t\t\t<div class=\"elementor-widget-container\">\n\t\t\t\t\t\t\t\t\t<ol><li dir=\"ltr\"><p dir=\"ltr\" role=\"presentation\"><strong>Mycie:<\/strong><\/p><\/li><\/ol><p dir=\"ltr\">Przed przyst\u0105pieniem do malowania blachy lub impregnacji dach\u00f3wki ceramicznej, dok\u0142adnie j\u0105 oczyszczamy przy u\u017cyciu myjki ci\u015bnieniowej oraz specjalistycznych detergent\u00f3w. Zabieg ten usuwa zanieczyszczenia, osady i uporczywe plamy.<\/p><p dir=\"ltr\">Wykorzystujemy specjalistyczne detergenty i narz\u0119dzia, aby zapewni\u0107 skuteczne czyszczenie dachu.<\/p><p>\u00a0<\/p><ol start=\"2\"><li dir=\"ltr\"><p dir=\"ltr\" role=\"presentation\"><strong>Malowanie<\/strong><\/p><\/li><\/ol><p dir=\"ltr\">Je\u017celi chc\u0105 Pa\u0144stwo od\u015bwie\u017cy\u0107\u00a0 wygl\u0105d dachu, nasza us\u0142uga malowania jest doskona\u0142ym rozwi\u0105zaniem.<\/p><p>\u00a0<\/p><p dir=\"ltr\">Szeroki wyb\u00f3r kolor\u00f3w dedykowanych farb pozwala dopasowa\u0107 pokrycie do stylu domu.<\/p><p dir=\"ltr\">Stosujemy tylko\u00a0 farby wysokiej jako\u015bci, zapewniaj\u0105ce d\u0142ugotrwa\u0142y efekt oraz chroni\u0105ce dach przed szkodliwymi czynnikami atmosferycznymi.<\/p><p>\u00a0<\/p><p dir=\"ltr\">Nasi specjali\u015bcie pokrywaj\u0105 powierzchni\u0119 dachu precyzyjnie oraz r\u00f3wnomiernie zapewniaj\u0105c tym samym estetyczny wygl\u0105d.<\/p><ol start=\"3\"><li dir=\"ltr\"><p dir=\"ltr\" role=\"presentation\"><strong>\u00a0Impregnacja:<\/strong><\/p><\/li><\/ol><p dir=\"ltr\">Aby zabezpieczy\u0107 dach\u00f3wk\u0119 przed wilgoci\u0105, zabrudzeniami i wzmocni\u0107 jej struktur\u0119, zach\u0119camy do skorzystania z us\u0142ugi impregnacji.<\/p>\t\t\t\t\t\t\t\t<\/div>\n\t\t\t\t<\/div>\n\t\t\t\t\t<\/div>\n\t\t<\/div>\n\t\t\t\t<div class=\"elementor-column elementor-col-50 elementor-top-column elementor-element elementor-element-daf495f\" data-id=\"daf495f\" data-element_type=\"column\">\n\t\t\t<div class=\"elementor-widget-wrap elementor-element-populated\">\n\t\t\t\t\t\t<div class=\"elementor-element elementor-element-6eba7e9 elementor-widget elementor-widget-image\" data-id=\"6eba7e9\" data-element_type=\"widget\" data-widget_type=\"image.default\">\n\t\t\t\t<div class=\"elementor-widget-container\">\n\t\t\t\t\t\t\t\t\t\t\t\t\t\t\t<img fetchpriority=\"high\" decoding=\"async\" width=\"768\" height=\"1024\" src=\"https:\/\/wyzej.com.pl\/wp-content\/uploads\/2023\/12\/received_772944581115043-768x1024.jpeg\" class=\"attachment-large size-large wp-image-260\" alt=\"\" srcset=\"https:\/\/wyzej.com.pl\/wp-content\/uploads\/2023\/12\/received_772944581115043-768x1024.jpeg 768w, https:\/\/wyzej.com.pl\/wp-content\/uploads\/2023\/12\/received_772944581115043-225x300.jpeg 225w, https:\/\/wyzej.com.pl\/wp-content\/uploads\/2023\/12\/received_772944581115043-1152x1536.jpeg 1152w, https:\/\/wyzej.com.pl\/wp-content\/uploads\/2023\/12\/received_772944581115043.jpeg 1284w\" sizes=\"(max-width: 768px) 100vw, 768px\" \/>\t\t\t\t\t\t\t\t\t\t\t\t\t\t\t<\/div>\n\t\t\t\t<\/div>\n\t\t\t\t<div class=\"elementor-element elementor-element-adc2bf4 elementor-widget elementor-widget-image\" data-id=\"adc2bf4\" data-element_type=\"widget\" data-widget_type=\"image.default\">\n\t\t\t\t<div class=\"elementor-widget-container\">\n\t\t\t\t\t\t\t\t\t\t\t\t\t\t\t<img decoding=\"async\" width=\"768\" height=\"1024\" src=\"https:\/\/wyzej.com.pl\/wp-content\/uploads\/2023\/12\/20230626_210340-768x1024.jpg\" class=\"attachment-large size-large wp-image-274\" alt=\"\" srcset=\"https:\/\/wyzej.com.pl\/wp-content\/uploads\/2023\/12\/20230626_210340-768x1024.jpg 768w, https:\/\/wyzej.com.pl\/wp-content\/uploads\/2023\/12\/20230626_210340-225x300.jpg 225w, https:\/\/wyzej.com.pl\/wp-content\/uploads\/2023\/12\/20230626_210340-1152x1536.jpg 1152w, https:\/\/wyzej.com.pl\/wp-content\/uploads\/2023\/12\/20230626_210340-1536x2048.jpg 1536w, https:\/\/wyzej.com.pl\/wp-content\/uploads\/2023\/12\/20230626_210340-scaled.jpg 1920w\" sizes=\"(max-width: 768px) 100vw, 768px\" \/>\t\t\t\t\t\t\t\t\t\t\t\t\t\t\t<\/div>\n\t\t\t\t<\/div>\n\t\t\t\t\t<\/div>\n\t\t<\/div>\n\t\t\t\t\t<\/div>\n\t\t<\/section>\n\t\t\t\t<\/div>\n\t\t","protected":false},"excerpt":{"rendered":"<p>Mycie, malowanie i impregnacja dach\u00f3w Dbaj\u0105c o estetyk\u0119 i trwa\u0142o\u015b\u0107 dachu, oferujemy kompleksowe us\u0142ugi mycia, malowania i impregnacji dach\u00f3w z blachy, dach\u00f3wki ceramicznej oraz dach\u00f3wki betonowej. Nasz do\u015bwiadczony zesp\u00f3\u0142 zapewni profesjonaln\u0105 obs\u0142ug\u0119 i doskona\u0142e rezultaty, kt\u00f3re odmieni\u0105 wygl\u0105d Pa\u0144stwa dachu.\u00a0 Us\u0142uga realizowana jest w trzech etapach: Mycie: Przed przyst\u0105pieniem do malowania blachy lub impregnacji dach\u00f3wki [&hellip;]<\/p>\n","protected":false},"author":1,"featured_media":0,"parent":16,"menu_order":0,"comment_status":"closed","ping_status":"closed","template":"elementor_header_footer","meta":{"footnotes":""},"class_list":["post-252","page","type-page","status-publish","hentry"],"yoast_head":"<!-- This site is optimized with the Yoast SEO plugin v24.4 - https:\/\/yoast.com\/wordpress\/plugins\/seo\/ -->\n<title>Mycie, Malowanie i Impregnacja Dach\u00f3w \u2013 Ochrona Dachu - Wy\u017cej<\/title>\n<meta name=\"description\" content=\"Zajmujemy si\u0119 myciem, malowaniem i impregnacj\u0105 dach\u00f3w, przywracaj\u0105c im estetyk\u0119 i trwa\u0142o\u015b\u0107. Usuwamy zabrudzenia, zabezpieczamy przed wilgoci\u0105 i dzia\u0142aniem czynnik\u00f3w atmosferycznych. Skontaktuj si\u0119 i zadbaj o sw\u00f3j dach ju\u017c dzi\u015b!\" \/>\n<meta name=\"robots\" content=\"index, follow, max-snippet:-1, max-image-preview:large, max-video-preview:-1\" \/>\n<link rel=\"canonical\" href=\"https:\/\/wyzej.com.pl\/index.php\/oferta\/mycie-malowanie-i-impregnacja-dachow\/\" \/>\n<meta property=\"og:locale\" content=\"pl_PL\" \/>\n<meta property=\"og:type\" content=\"article\" \/>\n<meta property=\"og:title\" content=\"Mycie, Malowanie i Impregnacja Dach\u00f3w \u2013 Ochrona Dachu - Wy\u017cej\" \/>\n<meta property=\"og:description\" content=\"Zajmujemy si\u0119 myciem, malowaniem i impregnacj\u0105 dach\u00f3w, przywracaj\u0105c im estetyk\u0119 i trwa\u0142o\u015b\u0107. Usuwamy zabrudzenia, zabezpieczamy przed wilgoci\u0105 i dzia\u0142aniem czynnik\u00f3w atmosferycznych. Skontaktuj si\u0119 i zadbaj o sw\u00f3j dach ju\u017c dzi\u015b!\" \/>\n<meta property=\"og:url\" content=\"https:\/\/wyzej.com.pl\/index.php\/oferta\/mycie-malowanie-i-impregnacja-dachow\/\" \/>\n<meta property=\"og:site_name\" content=\"Wy\u017cej\" \/>\n<meta property=\"article:modified_time\" content=\"2025-03-17T14:03:53+00:00\" \/>\n<meta property=\"og:image\" content=\"https:\/\/wyzej.com.pl\/wp-content\/uploads\/2023\/05\/g1813.png\" \/>\n<meta name=\"twitter:card\" content=\"summary_large_image\" \/>\n<meta name=\"twitter:label1\" content=\"Szacowany czas czytania\" \/>\n\t<meta name=\"twitter:data1\" content=\"2 minuty\" \/>\n<script type=\"application\/ld+json\" class=\"yoast-schema-graph\">{\"@context\":\"https:\/\/schema.org\",\"@graph\":[{\"@type\":\"WebPage\",\"@id\":\"https:\/\/wyzej.com.pl\/index.php\/oferta\/mycie-malowanie-i-impregnacja-dachow\/\",\"url\":\"https:\/\/wyzej.com.pl\/index.php\/oferta\/mycie-malowanie-i-impregnacja-dachow\/\",\"name\":\"Mycie, Malowanie i Impregnacja Dach\u00f3w \u2013 Ochrona Dachu - Wy\u017cej\",\"isPartOf\":{\"@id\":\"https:\/\/wyzej.com.pl\/#website\"},\"primaryImageOfPage\":{\"@id\":\"https:\/\/wyzej.com.pl\/index.php\/oferta\/mycie-malowanie-i-impregnacja-dachow\/#primaryimage\"},\"image\":{\"@id\":\"https:\/\/wyzej.com.pl\/index.php\/oferta\/mycie-malowanie-i-impregnacja-dachow\/#primaryimage\"},\"thumbnailUrl\":\"https:\/\/wyzej.com.pl\/wp-content\/uploads\/2023\/05\/g1813.png\",\"datePublished\":\"2023-12-13T15:10:37+00:00\",\"dateModified\":\"2025-03-17T14:03:53+00:00\",\"description\":\"Zajmujemy si\u0119 myciem, malowaniem i impregnacj\u0105 dach\u00f3w, przywracaj\u0105c im estetyk\u0119 i trwa\u0142o\u015b\u0107. Usuwamy zabrudzenia, zabezpieczamy przed wilgoci\u0105 i dzia\u0142aniem czynnik\u00f3w atmosferycznych. Skontaktuj si\u0119 i zadbaj o sw\u00f3j dach ju\u017c dzi\u015b!\",\"breadcrumb\":{\"@id\":\"https:\/\/wyzej.com.pl\/index.php\/oferta\/mycie-malowanie-i-impregnacja-dachow\/#breadcrumb\"},\"inLanguage\":\"pl-PL\",\"potentialAction\":[{\"@type\":\"ReadAction\",\"target\":[\"https:\/\/wyzej.com.pl\/index.php\/oferta\/mycie-malowanie-i-impregnacja-dachow\/\"]}]},{\"@type\":\"ImageObject\",\"inLanguage\":\"pl-PL\",\"@id\":\"https:\/\/wyzej.com.pl\/index.php\/oferta\/mycie-malowanie-i-impregnacja-dachow\/#primaryimage\",\"url\":\"https:\/\/wyzej.com.pl\/wp-content\/uploads\/2023\/05\/g1813.png\",\"contentUrl\":\"https:\/\/wyzej.com.pl\/wp-content\/uploads\/2023\/05\/g1813.png\",\"width\":180,\"height\":119},{\"@type\":\"BreadcrumbList\",\"@id\":\"https:\/\/wyzej.com.pl\/index.php\/oferta\/mycie-malowanie-i-impregnacja-dachow\/#breadcrumb\",\"itemListElement\":[{\"@type\":\"ListItem\",\"position\":1,\"name\":\"Strona g\u0142\u00f3wna\",\"item\":\"https:\/\/wyzej.com.pl\/\"},{\"@type\":\"ListItem\",\"position\":2,\"name\":\"Oferta\",\"item\":\"https:\/\/wyzej.com.pl\/\"},{\"@type\":\"ListItem\",\"position\":3,\"name\":\"MYCIE, MALOWANIE I IMPREGNACJA DACH\u00d3W\"}]},{\"@type\":\"WebSite\",\"@id\":\"https:\/\/wyzej.com.pl\/#website\",\"url\":\"https:\/\/wyzej.com.pl\/\",\"name\":\"Wy\u017cej - Us\u0142ugi wysoko\u015bciowe\",\"description\":\"\",\"publisher\":{\"@id\":\"https:\/\/wyzej.com.pl\/#organization\"},\"potentialAction\":[{\"@type\":\"SearchAction\",\"target\":{\"@type\":\"EntryPoint\",\"urlTemplate\":\"https:\/\/wyzej.com.pl\/?s={search_term_string}\"},\"query-input\":{\"@type\":\"PropertyValueSpecification\",\"valueRequired\":true,\"valueName\":\"search_term_string\"}}],\"inLanguage\":\"pl-PL\"},{\"@type\":\"Organization\",\"@id\":\"https:\/\/wyzej.com.pl\/#organization\",\"name\":\"Wy\u017cej - Us\u0142ugi wysoko\u015bciowe\",\"url\":\"https:\/\/wyzej.com.pl\/\",\"logo\":{\"@type\":\"ImageObject\",\"inLanguage\":\"pl-PL\",\"@id\":\"https:\/\/wyzej.com.pl\/#\/schema\/logo\/image\/\",\"url\":\"https:\/\/wyzej.com.pl\/wp-content\/uploads\/2023\/05\/path133.png\",\"contentUrl\":\"https:\/\/wyzej.com.pl\/wp-content\/uploads\/2023\/05\/path133.png\",\"width\":870,\"height\":773,\"caption\":\"Wy\u017cej - Us\u0142ugi wysoko\u015bciowe\"},\"image\":{\"@id\":\"https:\/\/wyzej.com.pl\/#\/schema\/logo\/image\/\"}}]}<\/script>\n<!-- \/ Yoast SEO plugin. -->","yoast_head_json":{"title":"Mycie, Malowanie i Impregnacja Dach\u00f3w \u2013 Ochrona Dachu - Wy\u017cej","description":"Zajmujemy si\u0119 myciem, malowaniem i impregnacj\u0105 dach\u00f3w, przywracaj\u0105c im estetyk\u0119 i trwa\u0142o\u015b\u0107. Usuwamy zabrudzenia, zabezpieczamy przed wilgoci\u0105 i dzia\u0142aniem czynnik\u00f3w atmosferycznych. Skontaktuj si\u0119 i zadbaj o sw\u00f3j dach ju\u017c dzi\u015b!","robots":{"index":"index","follow":"follow","max-snippet":"max-snippet:-1","max-image-preview":"max-image-preview:large","max-video-preview":"max-video-preview:-1"},"canonical":"https:\/\/wyzej.com.pl\/index.php\/oferta\/mycie-malowanie-i-impregnacja-dachow\/","og_locale":"pl_PL","og_type":"article","og_title":"Mycie, Malowanie i Impregnacja Dach\u00f3w \u2013 Ochrona Dachu - Wy\u017cej","og_description":"Zajmujemy si\u0119 myciem, malowaniem i impregnacj\u0105 dach\u00f3w, przywracaj\u0105c im estetyk\u0119 i trwa\u0142o\u015b\u0107. Usuwamy zabrudzenia, zabezpieczamy przed wilgoci\u0105 i dzia\u0142aniem czynnik\u00f3w atmosferycznych. Skontaktuj si\u0119 i zadbaj o sw\u00f3j dach ju\u017c dzi\u015b!","og_url":"https:\/\/wyzej.com.pl\/index.php\/oferta\/mycie-malowanie-i-impregnacja-dachow\/","og_site_name":"Wy\u017cej","article_modified_time":"2025-03-17T14:03:53+00:00","og_image":[{"url":"https:\/\/wyzej.com.pl\/wp-content\/uploads\/2023\/05\/g1813.png","type":"","width":"","height":""}],"twitter_card":"summary_large_image","twitter_misc":{"Szacowany czas czytania":"2 minuty"},"schema":{"@context":"https:\/\/schema.org","@graph":[{"@type":"WebPage","@id":"https:\/\/wyzej.com.pl\/index.php\/oferta\/mycie-malowanie-i-impregnacja-dachow\/","url":"https:\/\/wyzej.com.pl\/index.php\/oferta\/mycie-malowanie-i-impregnacja-dachow\/","name":"Mycie, Malowanie i Impregnacja Dach\u00f3w \u2013 Ochrona Dachu - Wy\u017cej","isPartOf":{"@id":"https:\/\/wyzej.com.pl\/#website"},"primaryImageOfPage":{"@id":"https:\/\/wyzej.com.pl\/index.php\/oferta\/mycie-malowanie-i-impregnacja-dachow\/#primaryimage"},"image":{"@id":"https:\/\/wyzej.com.pl\/index.php\/oferta\/mycie-malowanie-i-impregnacja-dachow\/#primaryimage"},"thumbnailUrl":"https:\/\/wyzej.com.pl\/wp-content\/uploads\/2023\/05\/g1813.png","datePublished":"2023-12-13T15:10:37+00:00","dateModified":"2025-03-17T14:03:53+00:00","description":"Zajmujemy si\u0119 myciem, malowaniem i impregnacj\u0105 dach\u00f3w, przywracaj\u0105c im estetyk\u0119 i trwa\u0142o\u015b\u0107. Usuwamy zabrudzenia, zabezpieczamy przed wilgoci\u0105 i dzia\u0142aniem czynnik\u00f3w atmosferycznych. Skontaktuj si\u0119 i zadbaj o sw\u00f3j dach ju\u017c dzi\u015b!","breadcrumb":{"@id":"https:\/\/wyzej.com.pl\/index.php\/oferta\/mycie-malowanie-i-impregnacja-dachow\/#breadcrumb"},"inLanguage":"pl-PL","potentialAction":[{"@type":"ReadAction","target":["https:\/\/wyzej.com.pl\/index.php\/oferta\/mycie-malowanie-i-impregnacja-dachow\/"]}]},{"@type":"ImageObject","inLanguage":"pl-PL","@id":"https:\/\/wyzej.com.pl\/index.php\/oferta\/mycie-malowanie-i-impregnacja-dachow\/#primaryimage","url":"https:\/\/wyzej.com.pl\/wp-content\/uploads\/2023\/05\/g1813.png","contentUrl":"https:\/\/wyzej.com.pl\/wp-content\/uploads\/2023\/05\/g1813.png","width":180,"height":119},{"@type":"BreadcrumbList","@id":"https:\/\/wyzej.com.pl\/index.php\/oferta\/mycie-malowanie-i-impregnacja-dachow\/#breadcrumb","itemListElement":[{"@type":"ListItem","position":1,"name":"Strona g\u0142\u00f3wna","item":"https:\/\/wyzej.com.pl\/"},{"@type":"ListItem","position":2,"name":"Oferta","item":"https:\/\/wyzej.com.pl\/"},{"@type":"ListItem","position":3,"name":"MYCIE, MALOWANIE I IMPREGNACJA DACH\u00d3W"}]},{"@type":"WebSite","@id":"https:\/\/wyzej.com.pl\/#website","url":"https:\/\/wyzej.com.pl\/","name":"Wy\u017cej - Us\u0142ugi wysoko\u015bciowe","description":"","publisher":{"@id":"https:\/\/wyzej.com.pl\/#organization"},"potentialAction":[{"@type":"SearchAction","target":{"@type":"EntryPoint","urlTemplate":"https:\/\/wyzej.com.pl\/?s={search_term_string}"},"query-input":{"@type":"PropertyValueSpecification","valueRequired":true,"valueName":"search_term_string"}}],"inLanguage":"pl-PL"},{"@type":"Organization","@id":"https:\/\/wyzej.com.pl\/#organization","name":"Wy\u017cej - Us\u0142ugi wysoko\u015bciowe","url":"https:\/\/wyzej.com.pl\/","logo":{"@type":"ImageObject","inLanguage":"pl-PL","@id":"https:\/\/wyzej.com.pl\/#\/schema\/logo\/image\/","url":"https:\/\/wyzej.com.pl\/wp-content\/uploads\/2023\/05\/path133.png","contentUrl":"https:\/\/wyzej.com.pl\/wp-content\/uploads\/2023\/05\/path133.png","width":870,"height":773,"caption":"Wy\u017cej - Us\u0142ugi wysoko\u015bciowe"},"image":{"@id":"https:\/\/wyzej.com.pl\/#\/schema\/logo\/image\/"}}]}},"_links":{"self":[{"href":"https:\/\/wyzej.com.pl\/index.php\/wp-json\/wp\/v2\/pages\/252","targetHints":{"allow":["GET"]}}],"collection":[{"href":"https:\/\/wyzej.com.pl\/index.php\/wp-json\/wp\/v2\/pages"}],"about":[{"href":"https:\/\/wyzej.com.pl\/index.php\/wp-json\/wp\/v2\/types\/page"}],"author":[{"embeddable":true,"href":"https:\/\/wyzej.com.pl\/index.php\/wp-json\/wp\/v2\/users\/1"}],"replies":[{"embeddable":true,"href":"https:\/\/wyzej.com.pl\/index.php\/wp-json\/wp\/v2\/comments?post=252"}],"version-history":[{"count":28,"href":"https:\/\/wyzej.com.pl\/index.php\/wp-json\/wp\/v2\/pages\/252\/revisions"}],"predecessor-version":[{"id":290,"href":"https:\/\/wyzej.com.pl\/index.php\/wp-json\/wp\/v2\/pages\/252\/revisions\/290"}],"up":[{"embeddable":true,"href":"https:\/\/wyzej.com.pl\/index.php\/wp-json\/wp\/v2\/pages\/16"}],"wp:attachment":[{"href":"https:\/\/wyzej.com.pl\/index.php\/wp-json\/wp\/v2\/media?parent=252"}],"curies":[{"name":"wp","href":"https:\/\/api.w.org\/{rel}","templated":true}]}}