{"id":23,"date":"2023-05-11T21:37:19","date_gmt":"2023-05-11T19:37:19","guid":{"rendered":"https:\/\/wyzej.com.pl\/?page_id=23"},"modified":"2025-03-17T15:02:32","modified_gmt":"2025-03-17T14:02:32","slug":"mycie-okien-i-elewacji","status":"publish","type":"page","link":"https:\/\/wyzej.com.pl\/index.php\/oferta\/mycie-okien-i-elewacji\/","title":{"rendered":"MYCIE OKIEN I ELEWACJI"},"content":{"rendered":"\t\t<div data-elementor-type=\"wp-page\" data-elementor-id=\"23\" class=\"elementor elementor-23\" data-elementor-post-type=\"page\">\n\t\t\t\t\t\t<section class=\"elementor-section elementor-top-section elementor-element elementor-element-e60293d elementor-section-content-middle elementor-section-boxed elementor-section-height-default elementor-section-height-default\" data-id=\"e60293d\" data-element_type=\"section\" data-settings=\"{&quot;background_background&quot;:&quot;classic&quot;}\">\n\t\t\t\t\t\t<div class=\"elementor-container elementor-column-gap-default\">\n\t\t\t\t\t<div class=\"elementor-column elementor-col-66 elementor-top-column elementor-element elementor-element-a4a66c5\" data-id=\"a4a66c5\" data-element_type=\"column\">\n\t\t\t<div class=\"elementor-widget-wrap elementor-element-populated\">\n\t\t\t\t\t\t<div class=\"elementor-element elementor-element-1950730 elementor-widget elementor-widget-heading\" data-id=\"1950730\" data-element_type=\"widget\" data-widget_type=\"heading.default\">\n\t\t\t\t<div class=\"elementor-widget-container\">\n\t\t\t\t\t<h2 class=\"elementor-heading-title elementor-size-default\">Mycie okien i elewacji<\/h2>\t\t\t\t<\/div>\n\t\t\t\t<\/div>\n\t\t\t\t\t<\/div>\n\t\t<\/div>\n\t\t\t\t<div class=\"elementor-column elementor-col-33 elementor-top-column elementor-element elementor-element-57b262b\" data-id=\"57b262b\" data-element_type=\"column\">\n\t\t\t<div class=\"elementor-widget-wrap elementor-element-populated\">\n\t\t\t\t\t\t<div class=\"elementor-element elementor-element-d9d8092 elementor-widget elementor-widget-image\" data-id=\"d9d8092\" data-element_type=\"widget\" data-widget_type=\"image.default\">\n\t\t\t\t<div class=\"elementor-widget-container\">\n\t\t\t\t\t\t\t\t\t\t\t\t\t\t\t<img decoding=\"async\" width=\"116\" height=\"116\" src=\"https:\/\/wyzej.com.pl\/wp-content\/uploads\/2023\/05\/g772.png\" class=\"attachment-large size-large wp-image-227\" alt=\"\" \/>\t\t\t\t\t\t\t\t\t\t\t\t\t\t\t<\/div>\n\t\t\t\t<\/div>\n\t\t\t\t\t<\/div>\n\t\t<\/div>\n\t\t\t\t\t<\/div>\n\t\t<\/section>\n\t\t\t\t<section class=\"elementor-section elementor-top-section elementor-element elementor-element-8714ba8 elementor-section-boxed elementor-section-height-default elementor-section-height-default\" data-id=\"8714ba8\" data-element_type=\"section\">\n\t\t\t\t\t\t<div class=\"elementor-container elementor-column-gap-default\">\n\t\t\t\t\t<div class=\"elementor-column elementor-col-100 elementor-top-column elementor-element elementor-element-addbeb9\" data-id=\"addbeb9\" data-element_type=\"column\">\n\t\t\t<div class=\"elementor-widget-wrap elementor-element-populated\">\n\t\t\t\t\t\t<div class=\"elementor-element elementor-element-e1a4d59 elementor-widget elementor-widget-heading\" data-id=\"e1a4d59\" data-element_type=\"widget\" data-widget_type=\"heading.default\">\n\t\t\t\t<div class=\"elementor-widget-container\">\n\t\t\t\t\t<h2 class=\"elementor-heading-title elementor-size-default\">Stosuj\u0105c techniki linowe ale r\u00f3wnie\u017c podno\u015bniki\ni zwy\u017cki jeste\u015bmy w stanie umy\u0107 praktycznie ka\u017cd\u0105\npowierzchni\u0119 w najbardziej wymagaj\u0105cych\nokoliczno\u015bciach.<\/h2>\t\t\t\t<\/div>\n\t\t\t\t<\/div>\n\t\t\t\t\t<\/div>\n\t\t<\/div>\n\t\t\t\t\t<\/div>\n\t\t<\/section>\n\t\t\t\t<section class=\"elementor-section elementor-top-section elementor-element elementor-element-1f88346 elementor-section-boxed elementor-section-height-default elementor-section-height-default\" data-id=\"1f88346\" data-element_type=\"section\" data-settings=\"{&quot;background_background&quot;:&quot;classic&quot;}\">\n\t\t\t\t\t\t<div class=\"elementor-container elementor-column-gap-default\">\n\t\t\t\t\t<div class=\"elementor-column elementor-col-50 elementor-top-column elementor-element elementor-element-1464a8a\" data-id=\"1464a8a\" data-element_type=\"column\" data-settings=\"{&quot;background_background&quot;:&quot;classic&quot;}\">\n\t\t\t<div class=\"elementor-widget-wrap elementor-element-populated\">\n\t\t\t\t\t\t<div class=\"elementor-element elementor-element-e0b103d elementor-widget elementor-widget-heading\" data-id=\"e0b103d\" data-element_type=\"widget\" data-widget_type=\"heading.default\">\n\t\t\t\t<div class=\"elementor-widget-container\">\n\t\t\t\t\t<h2 class=\"elementor-heading-title elementor-size-default\">Oferujemy:<\/h2>\t\t\t\t<\/div>\n\t\t\t\t<\/div>\n\t\t\t\t<div class=\"elementor-element elementor-element-45146d6 elementor-widget elementor-widget-text-editor\" data-id=\"45146d6\" data-element_type=\"widget\" data-widget_type=\"text-editor.default\">\n\t\t\t\t<div class=\"elementor-widget-container\">\n\t\t\t\t\t\t\t\t\t<ul><li><span class=\"markedContent\"><span dir=\"ltr\" role=\"presentation\"> mycie przeszkle\u0144 i elewacji budynk\u00f3w<\/span><\/span><\/li><li><span class=\"markedContent\"><span dir=\"ltr\" role=\"presentation\">mycie ci\u015bnieniowe<\/span><\/span><\/li><li><span class=\"markedContent\"><span dir=\"ltr\" role=\"presentation\">doczyszczanie powierzchni szklanych<\/span><\/span><\/li><li><span class=\"markedContent\"><span dir=\"ltr\" role=\"presentation\">doczyszczanie powierzchni metalowych i niemetalowych<\/span><\/span><\/li><li><span class=\"markedContent\"><span dir=\"ltr\" role=\"presentation\">mycie pobudowlane<\/span><\/span><\/li><\/ul>\t\t\t\t\t\t\t\t<\/div>\n\t\t\t\t<\/div>\n\t\t\t\t<div class=\"elementor-element elementor-element-5a3efa2 elementor-widget elementor-widget-text-editor\" data-id=\"5a3efa2\" data-element_type=\"widget\" data-widget_type=\"text-editor.default\">\n\t\t\t\t<div class=\"elementor-widget-container\">\n\t\t\t\t\t\t\t\t\t<p><span class=\"markedContent\"><span dir=\"ltr\" role=\"presentation\">W doborze odpowiednich technik mycia i \u015brodk\u00f3w czyszcz\u0105cych <\/span><span dir=\"ltr\" role=\"presentation\">opieramy si\u0119 na wieloletnim do\u015bwiadczeniu. Ka\u017cdorazowo jednak <\/span><span dir=\"ltr\" role=\"presentation\">sprawdzamy wybrane produkty by mie\u0107 pewno\u015b\u0107, \u017ce nie maj\u0105 <\/span><span dir=\"ltr\" role=\"presentation\">negatywnego wp\u0142ywu zar\u00f3wno na myt\u0105 powierzchni\u0119 jak i otoczenie.<\/span><\/span><\/p>\t\t\t\t\t\t\t\t<\/div>\n\t\t\t\t<\/div>\n\t\t\t\t\t<\/div>\n\t\t<\/div>\n\t\t\t\t<div class=\"elementor-column elementor-col-50 elementor-top-column elementor-element elementor-element-c5e80ac\" data-id=\"c5e80ac\" data-element_type=\"column\">\n\t\t\t<div class=\"elementor-widget-wrap elementor-element-populated\">\n\t\t\t\t\t\t<div class=\"elementor-element elementor-element-2f05975 elementor-widget elementor-widget-image\" data-id=\"2f05975\" data-element_type=\"widget\" data-widget_type=\"image.default\">\n\t\t\t\t<div class=\"elementor-widget-container\">\n\t\t\t\t\t\t\t\t\t\t\t\t\t\t\t<img fetchpriority=\"high\" decoding=\"async\" width=\"800\" height=\"706\" src=\"https:\/\/wyzej.com.pl\/wp-content\/uploads\/2023\/05\/g866.png\" class=\"attachment-large size-large wp-image-228\" alt=\"\" srcset=\"https:\/\/wyzej.com.pl\/wp-content\/uploads\/2023\/05\/g866.png 811w, https:\/\/wyzej.com.pl\/wp-content\/uploads\/2023\/05\/g866-300x265.png 300w, https:\/\/wyzej.com.pl\/wp-content\/uploads\/2023\/05\/g866-768x678.png 768w\" sizes=\"(max-width: 800px) 100vw, 800px\" \/>\t\t\t\t\t\t\t\t\t\t\t\t\t\t\t<\/div>\n\t\t\t\t<\/div>\n\t\t\t\t\t<\/div>\n\t\t<\/div>\n\t\t\t\t\t<\/div>\n\t\t<\/section>\n\t\t\t\t<\/div>\n\t\t","protected":false},"excerpt":{"rendered":"<p>Mycie okien i elewacji Stosuj\u0105c techniki linowe ale r\u00f3wnie\u017c podno\u015bniki i zwy\u017cki jeste\u015bmy w stanie umy\u0107 praktycznie ka\u017cd\u0105 powierzchni\u0119 w najbardziej wymagaj\u0105cych okoliczno\u015bciach. Oferujemy: mycie przeszkle\u0144 i elewacji budynk\u00f3w mycie ci\u015bnieniowe doczyszczanie powierzchni szklanych doczyszczanie powierzchni metalowych i niemetalowych mycie pobudowlane W doborze odpowiednich technik mycia i \u015brodk\u00f3w czyszcz\u0105cych opieramy si\u0119 na wieloletnim do\u015bwiadczeniu. Ka\u017cdorazowo [&hellip;]<\/p>\n","protected":false},"author":1,"featured_media":0,"parent":16,"menu_order":0,"comment_status":"closed","ping_status":"closed","template":"elementor_header_footer","meta":{"footnotes":""},"class_list":["post-23","page","type-page","status-publish","hentry"],"yoast_head":"<!-- This site is optimized with the Yoast SEO plugin v24.4 - https:\/\/yoast.com\/wordpress\/plugins\/seo\/ -->\n<title>Mycie Okien i Elewacji \u2013 Profesjonalne Czyszczenie - Wy\u017cej<\/title>\n<meta name=\"description\" content=\"Oferujemy fachowe mycie okien i elewacji \u2013 skutecznie usuwamy zabrudzenia, osady i smog. Pracujemy na ka\u017cdej wysoko\u015bci, dbaj\u0105c o estetyk\u0119 i trwa\u0142o\u015b\u0107 powierzchni. Zam\u00f3w czyszczenie ju\u017c dzi\u015b!\" \/>\n<meta name=\"robots\" content=\"index, follow, max-snippet:-1, max-image-preview:large, max-video-preview:-1\" \/>\n<link rel=\"canonical\" href=\"https:\/\/wyzej.com.pl\/index.php\/oferta\/mycie-okien-i-elewacji\/\" \/>\n<meta property=\"og:locale\" content=\"pl_PL\" \/>\n<meta property=\"og:type\" content=\"article\" \/>\n<meta property=\"og:title\" content=\"Mycie Okien i Elewacji \u2013 Profesjonalne Czyszczenie - Wy\u017cej\" \/>\n<meta property=\"og:description\" content=\"Oferujemy fachowe mycie okien i elewacji \u2013 skutecznie usuwamy zabrudzenia, osady i smog. Pracujemy na ka\u017cdej wysoko\u015bci, dbaj\u0105c o estetyk\u0119 i trwa\u0142o\u015b\u0107 powierzchni. Zam\u00f3w czyszczenie ju\u017c dzi\u015b!\" \/>\n<meta property=\"og:url\" content=\"https:\/\/wyzej.com.pl\/index.php\/oferta\/mycie-okien-i-elewacji\/\" \/>\n<meta property=\"og:site_name\" content=\"Wy\u017cej\" \/>\n<meta property=\"article:modified_time\" content=\"2025-03-17T14:02:32+00:00\" \/>\n<meta property=\"og:image\" content=\"https:\/\/wyzej.com.pl\/wp-content\/uploads\/2023\/05\/g772.png\" \/>\n<meta name=\"twitter:card\" content=\"summary_large_image\" \/>\n<meta name=\"twitter:label1\" content=\"Szacowany czas czytania\" \/>\n\t<meta name=\"twitter:data1\" content=\"1 minuta\" \/>\n<script type=\"application\/ld+json\" class=\"yoast-schema-graph\">{\"@context\":\"https:\/\/schema.org\",\"@graph\":[{\"@type\":\"WebPage\",\"@id\":\"https:\/\/wyzej.com.pl\/index.php\/oferta\/mycie-okien-i-elewacji\/\",\"url\":\"https:\/\/wyzej.com.pl\/index.php\/oferta\/mycie-okien-i-elewacji\/\",\"name\":\"Mycie Okien i Elewacji \u2013 Profesjonalne Czyszczenie - Wy\u017cej\",\"isPartOf\":{\"@id\":\"https:\/\/wyzej.com.pl\/#website\"},\"primaryImageOfPage\":{\"@id\":\"https:\/\/wyzej.com.pl\/index.php\/oferta\/mycie-okien-i-elewacji\/#primaryimage\"},\"image\":{\"@id\":\"https:\/\/wyzej.com.pl\/index.php\/oferta\/mycie-okien-i-elewacji\/#primaryimage\"},\"thumbnailUrl\":\"https:\/\/wyzej.com.pl\/wp-content\/uploads\/2023\/05\/g772.png\",\"datePublished\":\"2023-05-11T19:37:19+00:00\",\"dateModified\":\"2025-03-17T14:02:32+00:00\",\"description\":\"Oferujemy fachowe mycie okien i elewacji \u2013 skutecznie usuwamy zabrudzenia, osady i smog. Pracujemy na ka\u017cdej wysoko\u015bci, dbaj\u0105c o estetyk\u0119 i trwa\u0142o\u015b\u0107 powierzchni. Zam\u00f3w czyszczenie ju\u017c dzi\u015b!\",\"breadcrumb\":{\"@id\":\"https:\/\/wyzej.com.pl\/index.php\/oferta\/mycie-okien-i-elewacji\/#breadcrumb\"},\"inLanguage\":\"pl-PL\",\"potentialAction\":[{\"@type\":\"ReadAction\",\"target\":[\"https:\/\/wyzej.com.pl\/index.php\/oferta\/mycie-okien-i-elewacji\/\"]}]},{\"@type\":\"ImageObject\",\"inLanguage\":\"pl-PL\",\"@id\":\"https:\/\/wyzej.com.pl\/index.php\/oferta\/mycie-okien-i-elewacji\/#primaryimage\",\"url\":\"https:\/\/wyzej.com.pl\/wp-content\/uploads\/2023\/05\/g772.png\",\"contentUrl\":\"https:\/\/wyzej.com.pl\/wp-content\/uploads\/2023\/05\/g772.png\",\"width\":116,\"height\":116},{\"@type\":\"BreadcrumbList\",\"@id\":\"https:\/\/wyzej.com.pl\/index.php\/oferta\/mycie-okien-i-elewacji\/#breadcrumb\",\"itemListElement\":[{\"@type\":\"ListItem\",\"position\":1,\"name\":\"Strona g\u0142\u00f3wna\",\"item\":\"https:\/\/wyzej.com.pl\/\"},{\"@type\":\"ListItem\",\"position\":2,\"name\":\"Oferta\",\"item\":\"https:\/\/wyzej.com.pl\/\"},{\"@type\":\"ListItem\",\"position\":3,\"name\":\"MYCIE OKIEN I ELEWACJI\"}]},{\"@type\":\"WebSite\",\"@id\":\"https:\/\/wyzej.com.pl\/#website\",\"url\":\"https:\/\/wyzej.com.pl\/\",\"name\":\"Wy\u017cej - Us\u0142ugi wysoko\u015bciowe\",\"description\":\"\",\"publisher\":{\"@id\":\"https:\/\/wyzej.com.pl\/#organization\"},\"potentialAction\":[{\"@type\":\"SearchAction\",\"target\":{\"@type\":\"EntryPoint\",\"urlTemplate\":\"https:\/\/wyzej.com.pl\/?s={search_term_string}\"},\"query-input\":{\"@type\":\"PropertyValueSpecification\",\"valueRequired\":true,\"valueName\":\"search_term_string\"}}],\"inLanguage\":\"pl-PL\"},{\"@type\":\"Organization\",\"@id\":\"https:\/\/wyzej.com.pl\/#organization\",\"name\":\"Wy\u017cej - Us\u0142ugi wysoko\u015bciowe\",\"url\":\"https:\/\/wyzej.com.pl\/\",\"logo\":{\"@type\":\"ImageObject\",\"inLanguage\":\"pl-PL\",\"@id\":\"https:\/\/wyzej.com.pl\/#\/schema\/logo\/image\/\",\"url\":\"https:\/\/wyzej.com.pl\/wp-content\/uploads\/2023\/05\/path133.png\",\"contentUrl\":\"https:\/\/wyzej.com.pl\/wp-content\/uploads\/2023\/05\/path133.png\",\"width\":870,\"height\":773,\"caption\":\"Wy\u017cej - Us\u0142ugi wysoko\u015bciowe\"},\"image\":{\"@id\":\"https:\/\/wyzej.com.pl\/#\/schema\/logo\/image\/\"}}]}<\/script>\n<!-- \/ Yoast SEO plugin. -->","yoast_head_json":{"title":"Mycie Okien i Elewacji \u2013 Profesjonalne Czyszczenie - Wy\u017cej","description":"Oferujemy fachowe mycie okien i elewacji \u2013 skutecznie usuwamy zabrudzenia, osady i smog. Pracujemy na ka\u017cdej wysoko\u015bci, dbaj\u0105c o estetyk\u0119 i trwa\u0142o\u015b\u0107 powierzchni. Zam\u00f3w czyszczenie ju\u017c dzi\u015b!","robots":{"index":"index","follow":"follow","max-snippet":"max-snippet:-1","max-image-preview":"max-image-preview:large","max-video-preview":"max-video-preview:-1"},"canonical":"https:\/\/wyzej.com.pl\/index.php\/oferta\/mycie-okien-i-elewacji\/","og_locale":"pl_PL","og_type":"article","og_title":"Mycie Okien i Elewacji \u2013 Profesjonalne Czyszczenie - Wy\u017cej","og_description":"Oferujemy fachowe mycie okien i elewacji \u2013 skutecznie usuwamy zabrudzenia, osady i smog. Pracujemy na ka\u017cdej wysoko\u015bci, dbaj\u0105c o estetyk\u0119 i trwa\u0142o\u015b\u0107 powierzchni. Zam\u00f3w czyszczenie ju\u017c dzi\u015b!","og_url":"https:\/\/wyzej.com.pl\/index.php\/oferta\/mycie-okien-i-elewacji\/","og_site_name":"Wy\u017cej","article_modified_time":"2025-03-17T14:02:32+00:00","og_image":[{"url":"https:\/\/wyzej.com.pl\/wp-content\/uploads\/2023\/05\/g772.png","type":"","width":"","height":""}],"twitter_card":"summary_large_image","twitter_misc":{"Szacowany czas czytania":"1 minuta"},"schema":{"@context":"https:\/\/schema.org","@graph":[{"@type":"WebPage","@id":"https:\/\/wyzej.com.pl\/index.php\/oferta\/mycie-okien-i-elewacji\/","url":"https:\/\/wyzej.com.pl\/index.php\/oferta\/mycie-okien-i-elewacji\/","name":"Mycie Okien i Elewacji \u2013 Profesjonalne Czyszczenie - Wy\u017cej","isPartOf":{"@id":"https:\/\/wyzej.com.pl\/#website"},"primaryImageOfPage":{"@id":"https:\/\/wyzej.com.pl\/index.php\/oferta\/mycie-okien-i-elewacji\/#primaryimage"},"image":{"@id":"https:\/\/wyzej.com.pl\/index.php\/oferta\/mycie-okien-i-elewacji\/#primaryimage"},"thumbnailUrl":"https:\/\/wyzej.com.pl\/wp-content\/uploads\/2023\/05\/g772.png","datePublished":"2023-05-11T19:37:19+00:00","dateModified":"2025-03-17T14:02:32+00:00","description":"Oferujemy fachowe mycie okien i elewacji \u2013 skutecznie usuwamy zabrudzenia, osady i smog. Pracujemy na ka\u017cdej wysoko\u015bci, dbaj\u0105c o estetyk\u0119 i trwa\u0142o\u015b\u0107 powierzchni. Zam\u00f3w czyszczenie ju\u017c dzi\u015b!","breadcrumb":{"@id":"https:\/\/wyzej.com.pl\/index.php\/oferta\/mycie-okien-i-elewacji\/#breadcrumb"},"inLanguage":"pl-PL","potentialAction":[{"@type":"ReadAction","target":["https:\/\/wyzej.com.pl\/index.php\/oferta\/mycie-okien-i-elewacji\/"]}]},{"@type":"ImageObject","inLanguage":"pl-PL","@id":"https:\/\/wyzej.com.pl\/index.php\/oferta\/mycie-okien-i-elewacji\/#primaryimage","url":"https:\/\/wyzej.com.pl\/wp-content\/uploads\/2023\/05\/g772.png","contentUrl":"https:\/\/wyzej.com.pl\/wp-content\/uploads\/2023\/05\/g772.png","width":116,"height":116},{"@type":"BreadcrumbList","@id":"https:\/\/wyzej.com.pl\/index.php\/oferta\/mycie-okien-i-elewacji\/#breadcrumb","itemListElement":[{"@type":"ListItem","position":1,"name":"Strona g\u0142\u00f3wna","item":"https:\/\/wyzej.com.pl\/"},{"@type":"ListItem","position":2,"name":"Oferta","item":"https:\/\/wyzej.com.pl\/"},{"@type":"ListItem","position":3,"name":"MYCIE OKIEN I ELEWACJI"}]},{"@type":"WebSite","@id":"https:\/\/wyzej.com.pl\/#website","url":"https:\/\/wyzej.com.pl\/","name":"Wy\u017cej - Us\u0142ugi wysoko\u015bciowe","description":"","publisher":{"@id":"https:\/\/wyzej.com.pl\/#organization"},"potentialAction":[{"@type":"SearchAction","target":{"@type":"EntryPoint","urlTemplate":"https:\/\/wyzej.com.pl\/?s={search_term_string}"},"query-input":{"@type":"PropertyValueSpecification","valueRequired":true,"valueName":"search_term_string"}}],"inLanguage":"pl-PL"},{"@type":"Organization","@id":"https:\/\/wyzej.com.pl\/#organization","name":"Wy\u017cej - Us\u0142ugi wysoko\u015bciowe","url":"https:\/\/wyzej.com.pl\/","logo":{"@type":"ImageObject","inLanguage":"pl-PL","@id":"https:\/\/wyzej.com.pl\/#\/schema\/logo\/image\/","url":"https:\/\/wyzej.com.pl\/wp-content\/uploads\/2023\/05\/path133.png","contentUrl":"https:\/\/wyzej.com.pl\/wp-content\/uploads\/2023\/05\/path133.png","width":870,"height":773,"caption":"Wy\u017cej - Us\u0142ugi wysoko\u015bciowe"},"image":{"@id":"https:\/\/wyzej.com.pl\/#\/schema\/logo\/image\/"}}]}},"_links":{"self":[{"href":"https:\/\/wyzej.com.pl\/index.php\/wp-json\/wp\/v2\/pages\/23","targetHints":{"allow":["GET"]}}],"collection":[{"href":"https:\/\/wyzej.com.pl\/index.php\/wp-json\/wp\/v2\/pages"}],"about":[{"href":"https:\/\/wyzej.com.pl\/index.php\/wp-json\/wp\/v2\/types\/page"}],"author":[{"embeddable":true,"href":"https:\/\/wyzej.com.pl\/index.php\/wp-json\/wp\/v2\/users\/1"}],"replies":[{"embeddable":true,"href":"https:\/\/wyzej.com.pl\/index.php\/wp-json\/wp\/v2\/comments?post=23"}],"version-history":[{"count":7,"href":"https:\/\/wyzej.com.pl\/index.php\/wp-json\/wp\/v2\/pages\/23\/revisions"}],"predecessor-version":[{"id":235,"href":"https:\/\/wyzej.com.pl\/index.php\/wp-json\/wp\/v2\/pages\/23\/revisions\/235"}],"up":[{"embeddable":true,"href":"https:\/\/wyzej.com.pl\/index.php\/wp-json\/wp\/v2\/pages\/16"}],"wp:attachment":[{"href":"https:\/\/wyzej.com.pl\/index.php\/wp-json\/wp\/v2\/media?parent=23"}],"curies":[{"name":"wp","href":"https:\/\/api.w.org\/{rel}","templated":true}]}}