{"id":19,"date":"2023-05-11T21:37:09","date_gmt":"2023-05-11T19:37:09","guid":{"rendered":"https:\/\/wyzej.com.pl\/?page_id=19"},"modified":"2025-03-17T15:01:50","modified_gmt":"2025-03-17T14:01:50","slug":"montaze-wysokosciowe","status":"publish","type":"page","link":"https:\/\/wyzej.com.pl\/index.php\/oferta\/montaze-wysokosciowe\/","title":{"rendered":"MONTA\u017bE WYSOKO\u015aCIOWE"},"content":{"rendered":"\t\t<div data-elementor-type=\"wp-page\" data-elementor-id=\"19\" class=\"elementor elementor-19\" data-elementor-post-type=\"page\">\n\t\t\t\t\t\t<section class=\"elementor-section elementor-top-section elementor-element elementor-element-3452ece elementor-section-content-middle elementor-section-boxed elementor-section-height-default elementor-section-height-default\" data-id=\"3452ece\" data-element_type=\"section\" data-settings=\"{&quot;background_background&quot;:&quot;classic&quot;}\">\n\t\t\t\t\t\t<div class=\"elementor-container elementor-column-gap-default\">\n\t\t\t\t\t<div class=\"elementor-column elementor-col-66 elementor-top-column elementor-element elementor-element-4739503\" data-id=\"4739503\" data-element_type=\"column\">\n\t\t\t<div class=\"elementor-widget-wrap elementor-element-populated\">\n\t\t\t\t\t\t<div class=\"elementor-element elementor-element-615af17 elementor-widget elementor-widget-heading\" data-id=\"615af17\" data-element_type=\"widget\" data-widget_type=\"heading.default\">\n\t\t\t\t<div class=\"elementor-widget-container\">\n\t\t\t\t\t<h2 class=\"elementor-heading-title elementor-size-default\">Monta\u017ce wysoko\u015bciowe<\/h2>\t\t\t\t<\/div>\n\t\t\t\t<\/div>\n\t\t\t\t\t<\/div>\n\t\t<\/div>\n\t\t\t\t<div class=\"elementor-column elementor-col-33 elementor-top-column elementor-element elementor-element-31c1402\" data-id=\"31c1402\" data-element_type=\"column\">\n\t\t\t<div class=\"elementor-widget-wrap elementor-element-populated\">\n\t\t\t\t\t\t<div class=\"elementor-element elementor-element-a9ddbff elementor-widget elementor-widget-image\" data-id=\"a9ddbff\" data-element_type=\"widget\" data-widget_type=\"image.default\">\n\t\t\t\t<div class=\"elementor-widget-container\">\n\t\t\t\t\t\t\t\t\t\t\t\t\t\t\t<img decoding=\"async\" width=\"106\" height=\"126\" src=\"https:\/\/wyzej.com.pl\/wp-content\/uploads\/2023\/05\/g622.png\" class=\"attachment-large size-large wp-image-236\" alt=\"\" \/>\t\t\t\t\t\t\t\t\t\t\t\t\t\t\t<\/div>\n\t\t\t\t<\/div>\n\t\t\t\t\t<\/div>\n\t\t<\/div>\n\t\t\t\t\t<\/div>\n\t\t<\/section>\n\t\t\t\t<section class=\"elementor-section elementor-top-section elementor-element elementor-element-93bebeb elementor-section-boxed elementor-section-height-default elementor-section-height-default\" data-id=\"93bebeb\" data-element_type=\"section\">\n\t\t\t\t\t\t<div class=\"elementor-container elementor-column-gap-default\">\n\t\t\t\t\t<div class=\"elementor-column elementor-col-100 elementor-top-column elementor-element elementor-element-bea90e2\" data-id=\"bea90e2\" data-element_type=\"column\">\n\t\t\t<div class=\"elementor-widget-wrap elementor-element-populated\">\n\t\t\t\t\t\t<div class=\"elementor-element elementor-element-979ad17 elementor-widget elementor-widget-heading\" data-id=\"979ad17\" data-element_type=\"widget\" data-widget_type=\"heading.default\">\n\t\t\t\t<div class=\"elementor-widget-container\">\n\t\t\t\t\t<h2 class=\"elementor-heading-title elementor-size-default\">Wykonujemy szeroki zakres prac monta\u017cowych\ni demonta\u017cowych na wysoko\u015bci.<\/h2>\t\t\t\t<\/div>\n\t\t\t\t<\/div>\n\t\t\t\t\t<\/div>\n\t\t<\/div>\n\t\t\t\t\t<\/div>\n\t\t<\/section>\n\t\t\t\t<section class=\"elementor-section elementor-top-section elementor-element elementor-element-6387561 elementor-section-boxed elementor-section-height-default elementor-section-height-default\" data-id=\"6387561\" data-element_type=\"section\" data-settings=\"{&quot;background_background&quot;:&quot;classic&quot;}\">\n\t\t\t\t\t\t<div class=\"elementor-container elementor-column-gap-default\">\n\t\t\t\t\t<div class=\"elementor-column elementor-col-50 elementor-top-column elementor-element elementor-element-4c52c9f\" data-id=\"4c52c9f\" data-element_type=\"column\" data-settings=\"{&quot;background_background&quot;:&quot;classic&quot;}\">\n\t\t\t<div class=\"elementor-widget-wrap elementor-element-populated\">\n\t\t\t\t\t\t<div class=\"elementor-element elementor-element-373ca43 elementor-widget elementor-widget-heading\" data-id=\"373ca43\" data-element_type=\"widget\" data-widget_type=\"heading.default\">\n\t\t\t\t<div class=\"elementor-widget-container\">\n\t\t\t\t\t<h2 class=\"elementor-heading-title elementor-size-default\">Oferujemy:<\/h2>\t\t\t\t<\/div>\n\t\t\t\t<\/div>\n\t\t\t\t<div class=\"elementor-element elementor-element-15f29ed elementor-widget elementor-widget-text-editor\" data-id=\"15f29ed\" data-element_type=\"widget\" data-widget_type=\"text-editor.default\">\n\t\t\t\t<div class=\"elementor-widget-container\">\n\t\t\t\t\t\t\t\t\t<ul><li><span class=\"markedContent\"><span dir=\"ltr\" role=\"presentation\">monta\u017ce bener\u00f3w i reklam<\/span><\/span><\/li><li><span class=\"markedContent\"><span dir=\"ltr\" role=\"presentation\">monta\u017ce o\u015bwietleni i neon\u00f3w<\/span><\/span><\/li><li><span class=\"markedContent\"><span dir=\"ltr\" role=\"presentation\">monta\u017ce ozd\u00f3b \u015bwi\u0105tecznych<\/span><\/span><\/li><\/ul>\t\t\t\t\t\t\t\t<\/div>\n\t\t\t\t<\/div>\n\t\t\t\t<div class=\"elementor-element elementor-element-a9506f0 elementor-widget elementor-widget-text-editor\" data-id=\"a9506f0\" data-element_type=\"widget\" data-widget_type=\"text-editor.default\">\n\t\t\t\t<div class=\"elementor-widget-container\">\n\t\t\t\t\t\t\t\t\t<p><span class=\"markedContent\"><span dir=\"ltr\" role=\"presentation\">Do ka\u017cdego zlecenia podchodzimy indywidualnie, dobieramy <\/span><span dir=\"ltr\" role=\"presentation\">odpowiedni sprz\u0119t i urz\u0105dzenia.<\/span><br role=\"presentation\" \/><span dir=\"ltr\" role=\"presentation\">W razie potrzeby stosujemy podno\u015bniki lub manipulatory.<\/span><\/span><\/p>\t\t\t\t\t\t\t\t<\/div>\n\t\t\t\t<\/div>\n\t\t\t\t\t<\/div>\n\t\t<\/div>\n\t\t\t\t<div class=\"elementor-column elementor-col-50 elementor-top-column elementor-element elementor-element-9e25f97\" data-id=\"9e25f97\" data-element_type=\"column\">\n\t\t\t<div class=\"elementor-widget-wrap elementor-element-populated\">\n\t\t\t\t\t\t<div class=\"elementor-element elementor-element-1de1db2 elementor-widget elementor-widget-image\" data-id=\"1de1db2\" data-element_type=\"widget\" data-widget_type=\"image.default\">\n\t\t\t\t<div class=\"elementor-widget-container\">\n\t\t\t\t\t\t\t\t\t\t\t\t\t\t\t<img fetchpriority=\"high\" decoding=\"async\" width=\"610\" height=\"943\" src=\"https:\/\/wyzej.com.pl\/wp-content\/uploads\/2023\/05\/g534.png\" class=\"attachment-large size-large wp-image-237\" alt=\"\" srcset=\"https:\/\/wyzej.com.pl\/wp-content\/uploads\/2023\/05\/g534.png 610w, https:\/\/wyzej.com.pl\/wp-content\/uploads\/2023\/05\/g534-194x300.png 194w\" sizes=\"(max-width: 610px) 100vw, 610px\" \/>\t\t\t\t\t\t\t\t\t\t\t\t\t\t\t<\/div>\n\t\t\t\t<\/div>\n\t\t\t\t\t<\/div>\n\t\t<\/div>\n\t\t\t\t\t<\/div>\n\t\t<\/section>\n\t\t\t\t<\/div>\n\t\t","protected":false},"excerpt":{"rendered":"<p>Monta\u017ce wysoko\u015bciowe Wykonujemy szeroki zakres prac monta\u017cowych i demonta\u017cowych na wysoko\u015bci. Oferujemy: monta\u017ce bener\u00f3w i reklam monta\u017ce o\u015bwietleni i neon\u00f3w monta\u017ce ozd\u00f3b \u015bwi\u0105tecznych Do ka\u017cdego zlecenia podchodzimy indywidualnie, dobieramy odpowiedni sprz\u0119t i urz\u0105dzenia.W razie potrzeby stosujemy podno\u015bniki lub manipulatory.<\/p>\n","protected":false},"author":1,"featured_media":0,"parent":16,"menu_order":0,"comment_status":"closed","ping_status":"closed","template":"elementor_header_footer","meta":{"footnotes":""},"class_list":["post-19","page","type-page","status-publish","hentry"],"yoast_head":"<!-- This site is optimized with the Yoast SEO plugin v24.4 - https:\/\/yoast.com\/wordpress\/plugins\/seo\/ -->\n<title>Monta\u017ce Wysoko\u015bciowe \u2013 Profesjonalne Prace na Wysoko\u015bci - Wy\u017cej<\/title>\n<meta name=\"description\" content=\"Specjalizujemy si\u0119 w monta\u017cach wysoko\u015bciowych \u2013 banery, konstrukcje stalowe, szyby fasadowe i inne prace na wysoko\u015bci. Gwarantujemy precyzj\u0119, bezpiecze\u0144stwo i terminowo\u015b\u0107. Skontaktuj si\u0119 z nami ju\u017c dzi\u015b!\" \/>\n<meta name=\"robots\" content=\"index, follow, max-snippet:-1, max-image-preview:large, max-video-preview:-1\" \/>\n<link rel=\"canonical\" href=\"https:\/\/wyzej.com.pl\/index.php\/oferta\/montaze-wysokosciowe\/\" \/>\n<meta property=\"og:locale\" content=\"pl_PL\" \/>\n<meta property=\"og:type\" content=\"article\" \/>\n<meta property=\"og:title\" content=\"Monta\u017ce Wysoko\u015bciowe \u2013 Profesjonalne Prace na Wysoko\u015bci - Wy\u017cej\" \/>\n<meta property=\"og:description\" content=\"Specjalizujemy si\u0119 w monta\u017cach wysoko\u015bciowych \u2013 banery, konstrukcje stalowe, szyby fasadowe i inne prace na wysoko\u015bci. Gwarantujemy precyzj\u0119, bezpiecze\u0144stwo i terminowo\u015b\u0107. Skontaktuj si\u0119 z nami ju\u017c dzi\u015b!\" \/>\n<meta property=\"og:url\" content=\"https:\/\/wyzej.com.pl\/index.php\/oferta\/montaze-wysokosciowe\/\" \/>\n<meta property=\"og:site_name\" content=\"Wy\u017cej\" \/>\n<meta property=\"article:modified_time\" content=\"2025-03-17T14:01:50+00:00\" \/>\n<meta property=\"og:image\" content=\"https:\/\/wyzej.com.pl\/wp-content\/uploads\/2023\/05\/g622.png\" \/>\n<meta name=\"twitter:card\" content=\"summary_large_image\" \/>\n<meta name=\"twitter:label1\" content=\"Szacowany czas czytania\" \/>\n\t<meta name=\"twitter:data1\" content=\"1 minuta\" \/>\n<script type=\"application\/ld+json\" class=\"yoast-schema-graph\">{\"@context\":\"https:\/\/schema.org\",\"@graph\":[{\"@type\":\"WebPage\",\"@id\":\"https:\/\/wyzej.com.pl\/index.php\/oferta\/montaze-wysokosciowe\/\",\"url\":\"https:\/\/wyzej.com.pl\/index.php\/oferta\/montaze-wysokosciowe\/\",\"name\":\"Monta\u017ce Wysoko\u015bciowe \u2013 Profesjonalne Prace na Wysoko\u015bci - Wy\u017cej\",\"isPartOf\":{\"@id\":\"https:\/\/wyzej.com.pl\/#website\"},\"primaryImageOfPage\":{\"@id\":\"https:\/\/wyzej.com.pl\/index.php\/oferta\/montaze-wysokosciowe\/#primaryimage\"},\"image\":{\"@id\":\"https:\/\/wyzej.com.pl\/index.php\/oferta\/montaze-wysokosciowe\/#primaryimage\"},\"thumbnailUrl\":\"https:\/\/wyzej.com.pl\/wp-content\/uploads\/2023\/05\/g622.png\",\"datePublished\":\"2023-05-11T19:37:09+00:00\",\"dateModified\":\"2025-03-17T14:01:50+00:00\",\"description\":\"Specjalizujemy si\u0119 w monta\u017cach wysoko\u015bciowych \u2013 banery, konstrukcje stalowe, szyby fasadowe i inne prace na wysoko\u015bci. Gwarantujemy precyzj\u0119, bezpiecze\u0144stwo i terminowo\u015b\u0107. Skontaktuj si\u0119 z nami ju\u017c dzi\u015b!\",\"breadcrumb\":{\"@id\":\"https:\/\/wyzej.com.pl\/index.php\/oferta\/montaze-wysokosciowe\/#breadcrumb\"},\"inLanguage\":\"pl-PL\",\"potentialAction\":[{\"@type\":\"ReadAction\",\"target\":[\"https:\/\/wyzej.com.pl\/index.php\/oferta\/montaze-wysokosciowe\/\"]}]},{\"@type\":\"ImageObject\",\"inLanguage\":\"pl-PL\",\"@id\":\"https:\/\/wyzej.com.pl\/index.php\/oferta\/montaze-wysokosciowe\/#primaryimage\",\"url\":\"https:\/\/wyzej.com.pl\/wp-content\/uploads\/2023\/05\/g622.png\",\"contentUrl\":\"https:\/\/wyzej.com.pl\/wp-content\/uploads\/2023\/05\/g622.png\",\"width\":106,\"height\":126},{\"@type\":\"BreadcrumbList\",\"@id\":\"https:\/\/wyzej.com.pl\/index.php\/oferta\/montaze-wysokosciowe\/#breadcrumb\",\"itemListElement\":[{\"@type\":\"ListItem\",\"position\":1,\"name\":\"Strona g\u0142\u00f3wna\",\"item\":\"https:\/\/wyzej.com.pl\/\"},{\"@type\":\"ListItem\",\"position\":2,\"name\":\"Oferta\",\"item\":\"https:\/\/wyzej.com.pl\/\"},{\"@type\":\"ListItem\",\"position\":3,\"name\":\"MONTA\u017bE WYSOKO\u015aCIOWE\"}]},{\"@type\":\"WebSite\",\"@id\":\"https:\/\/wyzej.com.pl\/#website\",\"url\":\"https:\/\/wyzej.com.pl\/\",\"name\":\"Wy\u017cej - Us\u0142ugi wysoko\u015bciowe\",\"description\":\"\",\"publisher\":{\"@id\":\"https:\/\/wyzej.com.pl\/#organization\"},\"potentialAction\":[{\"@type\":\"SearchAction\",\"target\":{\"@type\":\"EntryPoint\",\"urlTemplate\":\"https:\/\/wyzej.com.pl\/?s={search_term_string}\"},\"query-input\":{\"@type\":\"PropertyValueSpecification\",\"valueRequired\":true,\"valueName\":\"search_term_string\"}}],\"inLanguage\":\"pl-PL\"},{\"@type\":\"Organization\",\"@id\":\"https:\/\/wyzej.com.pl\/#organization\",\"name\":\"Wy\u017cej - Us\u0142ugi wysoko\u015bciowe\",\"url\":\"https:\/\/wyzej.com.pl\/\",\"logo\":{\"@type\":\"ImageObject\",\"inLanguage\":\"pl-PL\",\"@id\":\"https:\/\/wyzej.com.pl\/#\/schema\/logo\/image\/\",\"url\":\"https:\/\/wyzej.com.pl\/wp-content\/uploads\/2023\/05\/path133.png\",\"contentUrl\":\"https:\/\/wyzej.com.pl\/wp-content\/uploads\/2023\/05\/path133.png\",\"width\":870,\"height\":773,\"caption\":\"Wy\u017cej - Us\u0142ugi wysoko\u015bciowe\"},\"image\":{\"@id\":\"https:\/\/wyzej.com.pl\/#\/schema\/logo\/image\/\"}}]}<\/script>\n<!-- \/ Yoast SEO plugin. -->","yoast_head_json":{"title":"Monta\u017ce Wysoko\u015bciowe \u2013 Profesjonalne Prace na Wysoko\u015bci - Wy\u017cej","description":"Specjalizujemy si\u0119 w monta\u017cach wysoko\u015bciowych \u2013 banery, konstrukcje stalowe, szyby fasadowe i inne prace na wysoko\u015bci. Gwarantujemy precyzj\u0119, bezpiecze\u0144stwo i terminowo\u015b\u0107. Skontaktuj si\u0119 z nami ju\u017c dzi\u015b!","robots":{"index":"index","follow":"follow","max-snippet":"max-snippet:-1","max-image-preview":"max-image-preview:large","max-video-preview":"max-video-preview:-1"},"canonical":"https:\/\/wyzej.com.pl\/index.php\/oferta\/montaze-wysokosciowe\/","og_locale":"pl_PL","og_type":"article","og_title":"Monta\u017ce Wysoko\u015bciowe \u2013 Profesjonalne Prace na Wysoko\u015bci - Wy\u017cej","og_description":"Specjalizujemy si\u0119 w monta\u017cach wysoko\u015bciowych \u2013 banery, konstrukcje stalowe, szyby fasadowe i inne prace na wysoko\u015bci. Gwarantujemy precyzj\u0119, bezpiecze\u0144stwo i terminowo\u015b\u0107. Skontaktuj si\u0119 z nami ju\u017c dzi\u015b!","og_url":"https:\/\/wyzej.com.pl\/index.php\/oferta\/montaze-wysokosciowe\/","og_site_name":"Wy\u017cej","article_modified_time":"2025-03-17T14:01:50+00:00","og_image":[{"url":"https:\/\/wyzej.com.pl\/wp-content\/uploads\/2023\/05\/g622.png","type":"","width":"","height":""}],"twitter_card":"summary_large_image","twitter_misc":{"Szacowany czas czytania":"1 minuta"},"schema":{"@context":"https:\/\/schema.org","@graph":[{"@type":"WebPage","@id":"https:\/\/wyzej.com.pl\/index.php\/oferta\/montaze-wysokosciowe\/","url":"https:\/\/wyzej.com.pl\/index.php\/oferta\/montaze-wysokosciowe\/","name":"Monta\u017ce Wysoko\u015bciowe \u2013 Profesjonalne Prace na Wysoko\u015bci - Wy\u017cej","isPartOf":{"@id":"https:\/\/wyzej.com.pl\/#website"},"primaryImageOfPage":{"@id":"https:\/\/wyzej.com.pl\/index.php\/oferta\/montaze-wysokosciowe\/#primaryimage"},"image":{"@id":"https:\/\/wyzej.com.pl\/index.php\/oferta\/montaze-wysokosciowe\/#primaryimage"},"thumbnailUrl":"https:\/\/wyzej.com.pl\/wp-content\/uploads\/2023\/05\/g622.png","datePublished":"2023-05-11T19:37:09+00:00","dateModified":"2025-03-17T14:01:50+00:00","description":"Specjalizujemy si\u0119 w monta\u017cach wysoko\u015bciowych \u2013 banery, konstrukcje stalowe, szyby fasadowe i inne prace na wysoko\u015bci. Gwarantujemy precyzj\u0119, bezpiecze\u0144stwo i terminowo\u015b\u0107. Skontaktuj si\u0119 z nami ju\u017c dzi\u015b!","breadcrumb":{"@id":"https:\/\/wyzej.com.pl\/index.php\/oferta\/montaze-wysokosciowe\/#breadcrumb"},"inLanguage":"pl-PL","potentialAction":[{"@type":"ReadAction","target":["https:\/\/wyzej.com.pl\/index.php\/oferta\/montaze-wysokosciowe\/"]}]},{"@type":"ImageObject","inLanguage":"pl-PL","@id":"https:\/\/wyzej.com.pl\/index.php\/oferta\/montaze-wysokosciowe\/#primaryimage","url":"https:\/\/wyzej.com.pl\/wp-content\/uploads\/2023\/05\/g622.png","contentUrl":"https:\/\/wyzej.com.pl\/wp-content\/uploads\/2023\/05\/g622.png","width":106,"height":126},{"@type":"BreadcrumbList","@id":"https:\/\/wyzej.com.pl\/index.php\/oferta\/montaze-wysokosciowe\/#breadcrumb","itemListElement":[{"@type":"ListItem","position":1,"name":"Strona g\u0142\u00f3wna","item":"https:\/\/wyzej.com.pl\/"},{"@type":"ListItem","position":2,"name":"Oferta","item":"https:\/\/wyzej.com.pl\/"},{"@type":"ListItem","position":3,"name":"MONTA\u017bE WYSOKO\u015aCIOWE"}]},{"@type":"WebSite","@id":"https:\/\/wyzej.com.pl\/#website","url":"https:\/\/wyzej.com.pl\/","name":"Wy\u017cej - Us\u0142ugi wysoko\u015bciowe","description":"","publisher":{"@id":"https:\/\/wyzej.com.pl\/#organization"},"potentialAction":[{"@type":"SearchAction","target":{"@type":"EntryPoint","urlTemplate":"https:\/\/wyzej.com.pl\/?s={search_term_string}"},"query-input":{"@type":"PropertyValueSpecification","valueRequired":true,"valueName":"search_term_string"}}],"inLanguage":"pl-PL"},{"@type":"Organization","@id":"https:\/\/wyzej.com.pl\/#organization","name":"Wy\u017cej - Us\u0142ugi wysoko\u015bciowe","url":"https:\/\/wyzej.com.pl\/","logo":{"@type":"ImageObject","inLanguage":"pl-PL","@id":"https:\/\/wyzej.com.pl\/#\/schema\/logo\/image\/","url":"https:\/\/wyzej.com.pl\/wp-content\/uploads\/2023\/05\/path133.png","contentUrl":"https:\/\/wyzej.com.pl\/wp-content\/uploads\/2023\/05\/path133.png","width":870,"height":773,"caption":"Wy\u017cej - Us\u0142ugi wysoko\u015bciowe"},"image":{"@id":"https:\/\/wyzej.com.pl\/#\/schema\/logo\/image\/"}}]}},"_links":{"self":[{"href":"https:\/\/wyzej.com.pl\/index.php\/wp-json\/wp\/v2\/pages\/19","targetHints":{"allow":["GET"]}}],"collection":[{"href":"https:\/\/wyzej.com.pl\/index.php\/wp-json\/wp\/v2\/pages"}],"about":[{"href":"https:\/\/wyzej.com.pl\/index.php\/wp-json\/wp\/v2\/types\/page"}],"author":[{"embeddable":true,"href":"https:\/\/wyzej.com.pl\/index.php\/wp-json\/wp\/v2\/users\/1"}],"replies":[{"embeddable":true,"href":"https:\/\/wyzej.com.pl\/index.php\/wp-json\/wp\/v2\/comments?post=19"}],"version-history":[{"count":7,"href":"https:\/\/wyzej.com.pl\/index.php\/wp-json\/wp\/v2\/pages\/19\/revisions"}],"predecessor-version":[{"id":244,"href":"https:\/\/wyzej.com.pl\/index.php\/wp-json\/wp\/v2\/pages\/19\/revisions\/244"}],"up":[{"embeddable":true,"href":"https:\/\/wyzej.com.pl\/index.php\/wp-json\/wp\/v2\/pages\/16"}],"wp:attachment":[{"href":"https:\/\/wyzej.com.pl\/index.php\/wp-json\/wp\/v2\/media?parent=19"}],"curies":[{"name":"wp","href":"https:\/\/api.w.org\/{rel}","templated":true}]}}