{"id":18,"date":"2023-05-11T21:36:19","date_gmt":"2023-05-11T19:36:19","guid":{"rendered":"https:\/\/wyzej.com.pl\/?page_id=18"},"modified":"2025-03-17T15:06:48","modified_gmt":"2025-03-17T14:06:48","slug":"kontakt","status":"publish","type":"page","link":"https:\/\/wyzej.com.pl\/index.php\/kontakt\/","title":{"rendered":"Kontakt"},"content":{"rendered":"\t\t<div data-elementor-type=\"wp-page\" data-elementor-id=\"18\" class=\"elementor elementor-18\" data-elementor-post-type=\"page\">\n\t\t\t\t\t\t<section class=\"elementor-section elementor-top-section elementor-element elementor-element-4c917df2 elementor-section-content-middle elementor-section-boxed elementor-section-height-default elementor-section-height-default\" data-id=\"4c917df2\" data-element_type=\"section\" data-settings=\"{&quot;background_background&quot;:&quot;classic&quot;}\">\n\t\t\t\t\t\t<div class=\"elementor-container elementor-column-gap-default\">\n\t\t\t\t\t<div class=\"elementor-column elementor-col-66 elementor-top-column elementor-element elementor-element-389f546c\" data-id=\"389f546c\" data-element_type=\"column\">\n\t\t\t<div class=\"elementor-widget-wrap elementor-element-populated\">\n\t\t\t\t\t\t<div class=\"elementor-element elementor-element-73af3051 elementor-widget elementor-widget-heading\" data-id=\"73af3051\" data-element_type=\"widget\" data-widget_type=\"heading.default\">\n\t\t\t\t<div class=\"elementor-widget-container\">\n\t\t\t\t\t<h2 class=\"elementor-heading-title elementor-size-default\">Kontakt<\/h2>\t\t\t\t<\/div>\n\t\t\t\t<\/div>\n\t\t\t\t\t<\/div>\n\t\t<\/div>\n\t\t\t\t<div class=\"elementor-column elementor-col-33 elementor-top-column elementor-element elementor-element-56832af\" data-id=\"56832af\" data-element_type=\"column\">\n\t\t\t<div class=\"elementor-widget-wrap elementor-element-populated\">\n\t\t\t\t\t\t<div class=\"elementor-element elementor-element-aa93a35 elementor-view-default elementor-widget elementor-widget-icon\" data-id=\"aa93a35\" data-element_type=\"widget\" data-widget_type=\"icon.default\">\n\t\t\t\t<div class=\"elementor-widget-container\">\n\t\t\t\t\t\t\t<div class=\"elementor-icon-wrapper\">\n\t\t\t<div class=\"elementor-icon\">\n\t\t\t<i aria-hidden=\"true\" class=\"far fa-envelope\"><\/i>\t\t\t<\/div>\n\t\t<\/div>\n\t\t\t\t\t\t<\/div>\n\t\t\t\t<\/div>\n\t\t\t\t\t<\/div>\n\t\t<\/div>\n\t\t\t\t\t<\/div>\n\t\t<\/section>\n\t\t\t\t<section class=\"elementor-section elementor-top-section elementor-element elementor-element-64bacb5b elementor-section-boxed elementor-section-height-default elementor-section-height-default\" data-id=\"64bacb5b\" data-element_type=\"section\" data-settings=\"{&quot;background_background&quot;:&quot;classic&quot;}\">\n\t\t\t\t\t\t<div class=\"elementor-container elementor-column-gap-default\">\n\t\t\t\t\t<div class=\"elementor-column elementor-col-50 elementor-top-column elementor-element elementor-element-3a992f53\" data-id=\"3a992f53\" data-element_type=\"column\" data-settings=\"{&quot;background_background&quot;:&quot;classic&quot;}\">\n\t\t\t<div class=\"elementor-widget-wrap elementor-element-populated\">\n\t\t\t\t\t\t<div class=\"elementor-element elementor-element-e2884a7 elementor-icon-list--layout-traditional elementor-list-item-link-full_width elementor-widget elementor-widget-icon-list\" data-id=\"e2884a7\" data-element_type=\"widget\" data-widget_type=\"icon-list.default\">\n\t\t\t\t<div class=\"elementor-widget-container\">\n\t\t\t\t\t\t\t<ul class=\"elementor-icon-list-items\">\n\t\t\t\t\t\t\t<li class=\"elementor-icon-list-item\">\n\t\t\t\t\t\t\t\t\t\t\t<a href=\"tel:+48793932225\">\n\n\t\t\t\t\t\t\t\t\t\t\t\t<span class=\"elementor-icon-list-icon\">\n\t\t\t\t\t\t\t<i aria-hidden=\"true\" class=\"fas fa-check\"><\/i>\t\t\t\t\t\t<\/span>\n\t\t\t\t\t\t\t\t\t\t<span class=\"elementor-icon-list-text\">+48 793 932 225<\/span>\n\t\t\t\t\t\t\t\t\t\t\t<\/a>\n\t\t\t\t\t\t\t\t\t<\/li>\n\t\t\t\t\t\t\t\t<li class=\"elementor-icon-list-item\">\n\t\t\t\t\t\t\t\t\t\t\t<a href=\"mailto:wyzejbiuro@gmail.com\">\n\n\t\t\t\t\t\t\t\t\t\t\t\t<span class=\"elementor-icon-list-icon\">\n\t\t\t\t\t\t\t<i aria-hidden=\"true\" class=\"far fa-envelope\"><\/i>\t\t\t\t\t\t<\/span>\n\t\t\t\t\t\t\t\t\t\t<span class=\"elementor-icon-list-text\">wyzejbiuro@gmail.com<\/span>\n\t\t\t\t\t\t\t\t\t\t\t<\/a>\n\t\t\t\t\t\t\t\t\t<\/li>\n\t\t\t\t\t\t<\/ul>\n\t\t\t\t\t\t<\/div>\n\t\t\t\t<\/div>\n\t\t\t\t<div class=\"elementor-element elementor-element-a2fe40b elementor-widget elementor-widget-heading\" data-id=\"a2fe40b\" data-element_type=\"widget\" data-widget_type=\"heading.default\">\n\t\t\t\t<div class=\"elementor-widget-container\">\n\t\t\t\t\t<h2 class=\"elementor-heading-title elementor-size-default\">Formularz kontaktowy<\/h2>\t\t\t\t<\/div>\n\t\t\t\t<\/div>\n\t\t\t\t<div class=\"elementor-element elementor-element-73d1237 elementor-button-align-stretch elementor-widget elementor-widget-form\" data-id=\"73d1237\" data-element_type=\"widget\" data-settings=\"{&quot;step_next_label&quot;:&quot;Next&quot;,&quot;step_previous_label&quot;:&quot;Previous&quot;,&quot;button_width&quot;:&quot;100&quot;,&quot;step_type&quot;:&quot;number_text&quot;,&quot;step_icon_shape&quot;:&quot;circle&quot;}\" data-widget_type=\"form.default\">\n\t\t\t\t<div class=\"elementor-widget-container\">\n\t\t\t\t\t\t\t<form class=\"elementor-form\" method=\"post\" name=\"New Form\">\n\t\t\t<input type=\"hidden\" name=\"post_id\" value=\"18\"\/>\n\t\t\t<input type=\"hidden\" name=\"form_id\" value=\"73d1237\"\/>\n\t\t\t<input type=\"hidden\" name=\"referer_title\" value=\"Wy\u017cej\" \/>\n\n\t\t\t\n\t\t\t<div class=\"elementor-form-fields-wrapper elementor-labels-above\">\n\t\t\t\t\t\t\t\t<div class=\"elementor-field-type-text elementor-field-group elementor-column elementor-field-group-name elementor-col-100\">\n\t\t\t\t\t\t\t\t\t\t\t\t\t<input size=\"1\" type=\"text\" name=\"form_fields[name]\" id=\"form-field-name\" class=\"elementor-field elementor-size-sm  elementor-field-textual\" placeholder=\"Imi\u0119 i nazwisko\">\n\t\t\t\t\t\t\t\t\t\t\t<\/div>\n\t\t\t\t\t\t\t\t<div class=\"elementor-field-type-email elementor-field-group elementor-column elementor-field-group-email elementor-col-100 elementor-field-required\">\n\t\t\t\t\t\t\t\t\t\t\t\t\t<input size=\"1\" type=\"email\" name=\"form_fields[email]\" id=\"form-field-email\" class=\"elementor-field elementor-size-sm  elementor-field-textual\" placeholder=\"Email\" required=\"required\" aria-required=\"true\">\n\t\t\t\t\t\t\t\t\t\t\t<\/div>\n\t\t\t\t\t\t\t\t<div class=\"elementor-field-type-textarea elementor-field-group elementor-column elementor-field-group-message elementor-col-100\">\n\t\t\t\t\t<textarea class=\"elementor-field-textual elementor-field  elementor-size-sm\" name=\"form_fields[message]\" id=\"form-field-message\" rows=\"4\" placeholder=\"Tre\u015b\u0107 wiadomo\u015bci\"><\/textarea>\t\t\t\t<\/div>\n\t\t\t\t\t\t\t\t<div class=\"elementor-field-group elementor-column elementor-field-type-submit elementor-col-100 e-form__buttons\">\n\t\t\t\t\t<button class=\"elementor-button elementor-size-sm\" type=\"submit\">\n\t\t\t\t\t\t<span class=\"elementor-button-content-wrapper\">\n\t\t\t\t\t\t\t\t\t\t\t\t\t\t\t\t\t\t\t\t\t\t<span class=\"elementor-button-text\">Wy\u015blij wiadomo\u015b\u0107<\/span>\n\t\t\t\t\t\t\t\t\t\t\t\t\t<\/span>\n\t\t\t\t\t<\/button>\n\t\t\t\t<\/div>\n\t\t\t<\/div>\n\t\t<\/form>\n\t\t\t\t\t\t<\/div>\n\t\t\t\t<\/div>\n\t\t\t\t\t<\/div>\n\t\t<\/div>\n\t\t\t\t<div class=\"elementor-column elementor-col-50 elementor-top-column elementor-element elementor-element-6598e305\" data-id=\"6598e305\" data-element_type=\"column\">\n\t\t\t<div class=\"elementor-widget-wrap elementor-element-populated\">\n\t\t\t\t\t\t<div class=\"elementor-element elementor-element-39019ca elementor-widget elementor-widget-html\" data-id=\"39019ca\" data-element_type=\"widget\" data-widget_type=\"html.default\">\n\t\t\t\t<div class=\"elementor-widget-container\">\n\t\t\t\t\t<iframe src=\"https:\/\/www.google.com\/maps\/embed?pb=!1m18!1m12!1m3!1d20491.808536962377!2d19.920519679228715!3d50.05864538307167!2m3!1f0!2f0!3f0!3m2!1i1024!2i768!4f13.1!3m3!1m2!1s0x47165b120455da67%3A0xc3c7f5071b750d33!2zUnluZWsgR8WCw7N3bnk!5e0!3m2!1spl!2spl!4v1683839799330!5m2!1spl!2spl\" width=\"600\" height=\"450\" style=\"border:0;\" allowfullscreen=\"\" loading=\"lazy\" referrerpolicy=\"no-referrer-when-downgrade\"><\/iframe>\t\t\t\t<\/div>\n\t\t\t\t<\/div>\n\t\t\t\t\t<\/div>\n\t\t<\/div>\n\t\t\t\t\t<\/div>\n\t\t<\/section>\n\t\t\t\t<\/div>\n\t\t","protected":false},"excerpt":{"rendered":"<p>Kontakt +48 793 932 225 wyzejbiuro@gmail.com Formularz kontaktowy<\/p>\n","protected":false},"author":1,"featured_media":0,"parent":0,"menu_order":0,"comment_status":"closed","ping_status":"closed","template":"elementor_header_footer","meta":{"footnotes":""},"class_list":["post-18","page","type-page","status-publish","hentry"],"yoast_head":"<!-- This site is optimized with the Yoast SEO plugin v24.4 - https:\/\/yoast.com\/wordpress\/plugins\/seo\/ -->\n<title>Kontakt \u2013 Skontaktuj si\u0119 z Nami - Wy\u017cej<\/title>\n<meta name=\"description\" content=\"Masz pytania? Skontaktuj si\u0119 z nami! Zadzwo\u0144, napisz e-mail lub wype\u0142nij formularz kontaktowy. Jeste\u015bmy do Twojej dyspozycji \u2013 sprawd\u017a dane kontaktowe i skontaktuj si\u0119 ju\u017c dzi\u015b!\" \/>\n<meta name=\"robots\" content=\"index, follow, max-snippet:-1, max-image-preview:large, max-video-preview:-1\" \/>\n<link rel=\"canonical\" href=\"https:\/\/wyzej.com.pl\/index.php\/kontakt\/\" \/>\n<meta property=\"og:locale\" content=\"pl_PL\" \/>\n<meta property=\"og:type\" content=\"article\" \/>\n<meta property=\"og:title\" content=\"Kontakt \u2013 Skontaktuj si\u0119 z Nami - Wy\u017cej\" \/>\n<meta property=\"og:description\" content=\"Masz pytania? Skontaktuj si\u0119 z nami! Zadzwo\u0144, napisz e-mail lub wype\u0142nij formularz kontaktowy. Jeste\u015bmy do Twojej dyspozycji \u2013 sprawd\u017a dane kontaktowe i skontaktuj si\u0119 ju\u017c dzi\u015b!\" \/>\n<meta property=\"og:url\" content=\"https:\/\/wyzej.com.pl\/index.php\/kontakt\/\" \/>\n<meta property=\"og:site_name\" content=\"Wy\u017cej\" \/>\n<meta property=\"article:modified_time\" content=\"2025-03-17T14:06:48+00:00\" \/>\n<meta name=\"twitter:card\" content=\"summary_large_image\" \/>\n<meta name=\"twitter:label1\" content=\"Szacowany czas czytania\" \/>\n\t<meta name=\"twitter:data1\" content=\"1 minuta\" \/>\n<script type=\"application\/ld+json\" class=\"yoast-schema-graph\">{\"@context\":\"https:\/\/schema.org\",\"@graph\":[{\"@type\":\"WebPage\",\"@id\":\"https:\/\/wyzej.com.pl\/index.php\/kontakt\/\",\"url\":\"https:\/\/wyzej.com.pl\/index.php\/kontakt\/\",\"name\":\"Kontakt \u2013 Skontaktuj si\u0119 z Nami - Wy\u017cej\",\"isPartOf\":{\"@id\":\"https:\/\/wyzej.com.pl\/#website\"},\"datePublished\":\"2023-05-11T19:36:19+00:00\",\"dateModified\":\"2025-03-17T14:06:48+00:00\",\"description\":\"Masz pytania? Skontaktuj si\u0119 z nami! Zadzwo\u0144, napisz e-mail lub wype\u0142nij formularz kontaktowy. Jeste\u015bmy do Twojej dyspozycji \u2013 sprawd\u017a dane kontaktowe i skontaktuj si\u0119 ju\u017c dzi\u015b!\",\"breadcrumb\":{\"@id\":\"https:\/\/wyzej.com.pl\/index.php\/kontakt\/#breadcrumb\"},\"inLanguage\":\"pl-PL\",\"potentialAction\":[{\"@type\":\"ReadAction\",\"target\":[\"https:\/\/wyzej.com.pl\/index.php\/kontakt\/\"]}]},{\"@type\":\"BreadcrumbList\",\"@id\":\"https:\/\/wyzej.com.pl\/index.php\/kontakt\/#breadcrumb\",\"itemListElement\":[{\"@type\":\"ListItem\",\"position\":1,\"name\":\"Strona g\u0142\u00f3wna\",\"item\":\"https:\/\/wyzej.com.pl\/\"},{\"@type\":\"ListItem\",\"position\":2,\"name\":\"Kontakt\"}]},{\"@type\":\"WebSite\",\"@id\":\"https:\/\/wyzej.com.pl\/#website\",\"url\":\"https:\/\/wyzej.com.pl\/\",\"name\":\"Wy\u017cej - Us\u0142ugi wysoko\u015bciowe\",\"description\":\"\",\"publisher\":{\"@id\":\"https:\/\/wyzej.com.pl\/#organization\"},\"potentialAction\":[{\"@type\":\"SearchAction\",\"target\":{\"@type\":\"EntryPoint\",\"urlTemplate\":\"https:\/\/wyzej.com.pl\/?s={search_term_string}\"},\"query-input\":{\"@type\":\"PropertyValueSpecification\",\"valueRequired\":true,\"valueName\":\"search_term_string\"}}],\"inLanguage\":\"pl-PL\"},{\"@type\":\"Organization\",\"@id\":\"https:\/\/wyzej.com.pl\/#organization\",\"name\":\"Wy\u017cej - Us\u0142ugi wysoko\u015bciowe\",\"url\":\"https:\/\/wyzej.com.pl\/\",\"logo\":{\"@type\":\"ImageObject\",\"inLanguage\":\"pl-PL\",\"@id\":\"https:\/\/wyzej.com.pl\/#\/schema\/logo\/image\/\",\"url\":\"https:\/\/wyzej.com.pl\/wp-content\/uploads\/2023\/05\/path133.png\",\"contentUrl\":\"https:\/\/wyzej.com.pl\/wp-content\/uploads\/2023\/05\/path133.png\",\"width\":870,\"height\":773,\"caption\":\"Wy\u017cej - Us\u0142ugi wysoko\u015bciowe\"},\"image\":{\"@id\":\"https:\/\/wyzej.com.pl\/#\/schema\/logo\/image\/\"}}]}<\/script>\n<!-- \/ Yoast SEO plugin. -->","yoast_head_json":{"title":"Kontakt \u2013 Skontaktuj si\u0119 z Nami - Wy\u017cej","description":"Masz pytania? Skontaktuj si\u0119 z nami! Zadzwo\u0144, napisz e-mail lub wype\u0142nij formularz kontaktowy. Jeste\u015bmy do Twojej dyspozycji \u2013 sprawd\u017a dane kontaktowe i skontaktuj si\u0119 ju\u017c dzi\u015b!","robots":{"index":"index","follow":"follow","max-snippet":"max-snippet:-1","max-image-preview":"max-image-preview:large","max-video-preview":"max-video-preview:-1"},"canonical":"https:\/\/wyzej.com.pl\/index.php\/kontakt\/","og_locale":"pl_PL","og_type":"article","og_title":"Kontakt \u2013 Skontaktuj si\u0119 z Nami - Wy\u017cej","og_description":"Masz pytania? Skontaktuj si\u0119 z nami! Zadzwo\u0144, napisz e-mail lub wype\u0142nij formularz kontaktowy. Jeste\u015bmy do Twojej dyspozycji \u2013 sprawd\u017a dane kontaktowe i skontaktuj si\u0119 ju\u017c dzi\u015b!","og_url":"https:\/\/wyzej.com.pl\/index.php\/kontakt\/","og_site_name":"Wy\u017cej","article_modified_time":"2025-03-17T14:06:48+00:00","twitter_card":"summary_large_image","twitter_misc":{"Szacowany czas czytania":"1 minuta"},"schema":{"@context":"https:\/\/schema.org","@graph":[{"@type":"WebPage","@id":"https:\/\/wyzej.com.pl\/index.php\/kontakt\/","url":"https:\/\/wyzej.com.pl\/index.php\/kontakt\/","name":"Kontakt \u2013 Skontaktuj si\u0119 z Nami - Wy\u017cej","isPartOf":{"@id":"https:\/\/wyzej.com.pl\/#website"},"datePublished":"2023-05-11T19:36:19+00:00","dateModified":"2025-03-17T14:06:48+00:00","description":"Masz pytania? Skontaktuj si\u0119 z nami! Zadzwo\u0144, napisz e-mail lub wype\u0142nij formularz kontaktowy. Jeste\u015bmy do Twojej dyspozycji \u2013 sprawd\u017a dane kontaktowe i skontaktuj si\u0119 ju\u017c dzi\u015b!","breadcrumb":{"@id":"https:\/\/wyzej.com.pl\/index.php\/kontakt\/#breadcrumb"},"inLanguage":"pl-PL","potentialAction":[{"@type":"ReadAction","target":["https:\/\/wyzej.com.pl\/index.php\/kontakt\/"]}]},{"@type":"BreadcrumbList","@id":"https:\/\/wyzej.com.pl\/index.php\/kontakt\/#breadcrumb","itemListElement":[{"@type":"ListItem","position":1,"name":"Strona g\u0142\u00f3wna","item":"https:\/\/wyzej.com.pl\/"},{"@type":"ListItem","position":2,"name":"Kontakt"}]},{"@type":"WebSite","@id":"https:\/\/wyzej.com.pl\/#website","url":"https:\/\/wyzej.com.pl\/","name":"Wy\u017cej - Us\u0142ugi wysoko\u015bciowe","description":"","publisher":{"@id":"https:\/\/wyzej.com.pl\/#organization"},"potentialAction":[{"@type":"SearchAction","target":{"@type":"EntryPoint","urlTemplate":"https:\/\/wyzej.com.pl\/?s={search_term_string}"},"query-input":{"@type":"PropertyValueSpecification","valueRequired":true,"valueName":"search_term_string"}}],"inLanguage":"pl-PL"},{"@type":"Organization","@id":"https:\/\/wyzej.com.pl\/#organization","name":"Wy\u017cej - Us\u0142ugi wysoko\u015bciowe","url":"https:\/\/wyzej.com.pl\/","logo":{"@type":"ImageObject","inLanguage":"pl-PL","@id":"https:\/\/wyzej.com.pl\/#\/schema\/logo\/image\/","url":"https:\/\/wyzej.com.pl\/wp-content\/uploads\/2023\/05\/path133.png","contentUrl":"https:\/\/wyzej.com.pl\/wp-content\/uploads\/2023\/05\/path133.png","width":870,"height":773,"caption":"Wy\u017cej - Us\u0142ugi wysoko\u015bciowe"},"image":{"@id":"https:\/\/wyzej.com.pl\/#\/schema\/logo\/image\/"}}]}},"_links":{"self":[{"href":"https:\/\/wyzej.com.pl\/index.php\/wp-json\/wp\/v2\/pages\/18","targetHints":{"allow":["GET"]}}],"collection":[{"href":"https:\/\/wyzej.com.pl\/index.php\/wp-json\/wp\/v2\/pages"}],"about":[{"href":"https:\/\/wyzej.com.pl\/index.php\/wp-json\/wp\/v2\/types\/page"}],"author":[{"embeddable":true,"href":"https:\/\/wyzej.com.pl\/index.php\/wp-json\/wp\/v2\/users\/1"}],"replies":[{"embeddable":true,"href":"https:\/\/wyzej.com.pl\/index.php\/wp-json\/wp\/v2\/comments?post=18"}],"version-history":[{"count":7,"href":"https:\/\/wyzej.com.pl\/index.php\/wp-json\/wp\/v2\/pages\/18\/revisions"}],"predecessor-version":[{"id":188,"href":"https:\/\/wyzej.com.pl\/index.php\/wp-json\/wp\/v2\/pages\/18\/revisions\/188"}],"wp:attachment":[{"href":"https:\/\/wyzej.com.pl\/index.php\/wp-json\/wp\/v2\/media?parent=18"}],"curies":[{"name":"wp","href":"https:\/\/api.w.org\/{rel}","templated":true}]}}